{"id":912,"date":"2021-02-26T16:59:53","date_gmt":"2021-02-26T16:59:53","guid":{"rendered":"http:\/\/portovasconcellos.com\/product\/vasconcellos-crusted-bottle-2004\/"},"modified":"2021-03-15T12:28:10","modified_gmt":"2021-03-15T12:28:10","slug":"vasconcellos-porto-crusted-2004","status":"publish","type":"product","link":"https:\/\/portovasconcellos.com\/pt-pt\/product\/vasconcellos-porto-crusted-2004\/","title":{"rendered":"Vasconcellos Porto Crusted 2004"},"content":{"rendered":"<h4>O vinho do Porto Crusted de Vasconcellos \u00e9 uma combina\u00e7\u00e3o da elevada qualidade de blends seleccionadas, que envelhece na garrafa.<\/h4>\n<p>Ao contr\u00e1rio do Porto Vintage, que tem de ser feito a partir de uvas de uma \u00fanica colheita, o Porto Crusted d\u00e1 a oportunidade \u00e0 companhia de usar as melhores caracter\u00edsticas de diferentes Vintages.<\/p>\n<p>O Porto Crusted \u00e9 engarrafado sem filtrar, e como o nome indica forma uma \u201ccrosta\u201d, um sedimento na garrafa, e assim, como o Vintage Port, necessita de ser decantado antes de beber.<\/p>\n","protected":false},"excerpt":{"rendered":"<p>O vinho do Porto Crusted de Vasconcellos \u00e9 uma combina\u00e7\u00e3o da elevada qualidade de blends seleccionadas, que envelhece na garrafa. Ao contr\u00e1rio do Porto Vintage, que tem de ser feito a partir de uvas de uma \u00fanica colheita, o Porto Crusted d\u00e1 a oportunidade \u00e0 companhia de usar as melhores caracter\u00edsticas de diferentes Vintages. O [&hellip;]<\/p>\n","protected":false},"featured_media":291,"template":"","meta":{"_monsterinsights_skip_tracking":false,"_monsterinsights_sitenote_active":false,"_monsterinsights_sitenote_note":"","_monsterinsights_sitenote_category":0},"product_cat":[31],"product_tag":[],"acf":[],"yoast_head":"<!-- This site is optimized with the Yoast SEO plugin v23.1 - https:\/\/yoast.com\/wordpress\/plugins\/seo\/ -->\n<title>Vasconcellos Porto Crusted 2004 - Porto Vasconcellos<\/title>\n<meta name=\"robots\" content=\"index, follow, max-snippet:-1, max-image-preview:large, max-video-preview:-1\" \/>\n<link rel=\"canonical\" href=\"https:\/\/portovasconcellos.com\/product\/vasconcellos-crusted-bottle-2004\/\" \/>\n<meta property=\"og:locale\" content=\"pt_PT\" \/>\n<meta property=\"og:type\" content=\"article\" \/>\n<meta property=\"og:title\" content=\"Vasconcellos Porto Crusted 2004 - Porto Vasconcellos\" \/>\n<meta property=\"og:description\" content=\"O vinho do Porto Crusted de Vasconcellos \u00e9 uma combina\u00e7\u00e3o da elevada qualidade de blends seleccionadas, que envelhece na garrafa. Ao contr\u00e1rio do Porto Vintage, que tem de ser feito a partir de uvas de uma \u00fanica colheita, o Porto Crusted d\u00e1 a oportunidade \u00e0 companhia de usar as melhores caracter\u00edsticas de diferentes Vintages. O [&hellip;]\" \/>\n<meta property=\"og:url\" content=\"https:\/\/portovasconcellos.com\/product\/vasconcellos-crusted-bottle-2004\/\" \/>\n<meta property=\"og:site_name\" content=\"Porto Vasconcellos\" \/>\n<meta property=\"article:modified_time\" content=\"2021-03-15T12:28:10+00:00\" \/>\n<meta property=\"og:image\" content=\"https:\/\/portovasconcellos.com\/wp-content\/uploads\/2021\/02\/crusted-2004.png\" \/>\n\t<meta property=\"og:image:width\" content=\"327\" \/>\n\t<meta property=\"og:image:height\" content=\"1200\" \/>\n\t<meta property=\"og:image:type\" content=\"image\/png\" \/>\n<meta name=\"twitter:card\" content=\"summary_large_image\" \/>\n<script type=\"application\/ld+json\" class=\"yoast-schema-graph\">{\"@context\":\"https:\/\/schema.org\",\"@graph\":[{\"@type\":\"WebPage\",\"@id\":\"https:\/\/portovasconcellos.com\/product\/vasconcellos-crusted-bottle-2004\/\",\"url\":\"https:\/\/portovasconcellos.com\/product\/vasconcellos-crusted-bottle-2004\/\",\"name\":\"Vasconcellos Porto Crusted 2004 - Porto Vasconcellos\",\"isPartOf\":{\"@id\":\"https:\/\/portovasconcellos.com\/#website\"},\"primaryImageOfPage\":{\"@id\":\"https:\/\/portovasconcellos.com\/product\/vasconcellos-crusted-bottle-2004\/#primaryimage\"},\"image\":{\"@id\":\"https:\/\/portovasconcellos.com\/product\/vasconcellos-crusted-bottle-2004\/#primaryimage\"},\"thumbnailUrl\":\"https:\/\/portovasconcellos.com\/wp-content\/uploads\/2021\/02\/crusted-2004.png\",\"datePublished\":\"2021-02-26T16:59:53+00:00\",\"dateModified\":\"2021-03-15T12:28:10+00:00\",\"breadcrumb\":{\"@id\":\"https:\/\/portovasconcellos.com\/product\/vasconcellos-crusted-bottle-2004\/#breadcrumb\"},\"inLanguage\":\"pt-PT\",\"potentialAction\":[{\"@type\":\"ReadAction\",\"target\":[\"https:\/\/portovasconcellos.com\/product\/vasconcellos-crusted-bottle-2004\/\"]}]},{\"@type\":\"ImageObject\",\"inLanguage\":\"pt-PT\",\"@id\":\"https:\/\/portovasconcellos.com\/product\/vasconcellos-crusted-bottle-2004\/#primaryimage\",\"url\":\"https:\/\/portovasconcellos.com\/wp-content\/uploads\/2021\/02\/crusted-2004.png\",\"contentUrl\":\"https:\/\/portovasconcellos.com\/wp-content\/uploads\/2021\/02\/crusted-2004.png\",\"width\":327,\"height\":1200,\"caption\":\"Porto Crusted Bottle\"},{\"@type\":\"BreadcrumbList\",\"@id\":\"https:\/\/portovasconcellos.com\/product\/vasconcellos-crusted-bottle-2004\/#breadcrumb\",\"itemListElement\":[{\"@type\":\"ListItem\",\"position\":1,\"name\":\"Home\",\"item\":\"https:\/\/portovasconcellos.com\/pt-pt\/\"},{\"@type\":\"ListItem\",\"position\":2,\"name\":\"Products\",\"item\":\"https:\/\/portovasconcellos.com\/shop\/\"},{\"@type\":\"ListItem\",\"position\":3,\"name\":\"Vasconcellos Porto Crusted 2004\"}]},{\"@type\":\"WebSite\",\"@id\":\"https:\/\/portovasconcellos.com\/#website\",\"url\":\"https:\/\/portovasconcellos.com\/\",\"name\":\"Porto Vasconcellos\",\"description\":\"\",\"publisher\":{\"@id\":\"https:\/\/portovasconcellos.com\/#organization\"},\"potentialAction\":[{\"@type\":\"SearchAction\",\"target\":{\"@type\":\"EntryPoint\",\"urlTemplate\":\"https:\/\/portovasconcellos.com\/?s={search_term_string}\"},\"query-input\":\"required name=search_term_string\"}],\"inLanguage\":\"pt-PT\"},{\"@type\":\"Organization\",\"@id\":\"https:\/\/portovasconcellos.com\/#organization\",\"name\":\"Porto Vasconcellos\",\"url\":\"https:\/\/portovasconcellos.com\/\",\"logo\":{\"@type\":\"ImageObject\",\"inLanguage\":\"pt-PT\",\"@id\":\"https:\/\/portovasconcellos.com\/#\/schema\/logo\/image\/\",\"url\":\"https:\/\/portovasconcellos.com\/wp-content\/uploads\/2022\/02\/thumb.jpg\",\"contentUrl\":\"https:\/\/portovasconcellos.com\/wp-content\/uploads\/2022\/02\/thumb.jpg\",\"width\":1200,\"height\":630,\"caption\":\"Porto Vasconcellos\"},\"image\":{\"@id\":\"https:\/\/portovasconcellos.com\/#\/schema\/logo\/image\/\"}}]}<\/script>\n<!-- \/ Yoast SEO plugin. -->","yoast_head_json":{"title":"Vasconcellos Porto Crusted 2004 - Porto Vasconcellos","robots":{"index":"index","follow":"follow","max-snippet":"max-snippet:-1","max-image-preview":"max-image-preview:large","max-video-preview":"max-video-preview:-1"},"canonical":"https:\/\/portovasconcellos.com\/product\/vasconcellos-crusted-bottle-2004\/","og_locale":"pt_PT","og_type":"article","og_title":"Vasconcellos Porto Crusted 2004 - Porto Vasconcellos","og_description":"O vinho do Porto Crusted de Vasconcellos \u00e9 uma combina\u00e7\u00e3o da elevada qualidade de blends seleccionadas, que envelhece na garrafa. Ao contr\u00e1rio do Porto Vintage, que tem de ser feito a partir de uvas de uma \u00fanica colheita, o Porto Crusted d\u00e1 a oportunidade \u00e0 companhia de usar as melhores caracter\u00edsticas de diferentes Vintages. O [&hellip;]","og_url":"https:\/\/portovasconcellos.com\/product\/vasconcellos-crusted-bottle-2004\/","og_site_name":"Porto Vasconcellos","article_modified_time":"2021-03-15T12:28:10+00:00","og_image":[{"width":327,"height":1200,"url":"https:\/\/portovasconcellos.com\/wp-content\/uploads\/2021\/02\/crusted-2004.png","type":"image\/png"}],"twitter_card":"summary_large_image","schema":{"@context":"https:\/\/schema.org","@graph":[{"@type":"WebPage","@id":"https:\/\/portovasconcellos.com\/product\/vasconcellos-crusted-bottle-2004\/","url":"https:\/\/portovasconcellos.com\/product\/vasconcellos-crusted-bottle-2004\/","name":"Vasconcellos Porto Crusted 2004 - Porto Vasconcellos","isPartOf":{"@id":"https:\/\/portovasconcellos.com\/#website"},"primaryImageOfPage":{"@id":"https:\/\/portovasconcellos.com\/product\/vasconcellos-crusted-bottle-2004\/#primaryimage"},"image":{"@id":"https:\/\/portovasconcellos.com\/product\/vasconcellos-crusted-bottle-2004\/#primaryimage"},"thumbnailUrl":"https:\/\/portovasconcellos.com\/wp-content\/uploads\/2021\/02\/crusted-2004.png","datePublished":"2021-02-26T16:59:53+00:00","dateModified":"2021-03-15T12:28:10+00:00","breadcrumb":{"@id":"https:\/\/portovasconcellos.com\/product\/vasconcellos-crusted-bottle-2004\/#breadcrumb"},"inLanguage":"pt-PT","potentialAction":[{"@type":"ReadAction","target":["https:\/\/portovasconcellos.com\/product\/vasconcellos-crusted-bottle-2004\/"]}]},{"@type":"ImageObject","inLanguage":"pt-PT","@id":"https:\/\/portovasconcellos.com\/product\/vasconcellos-crusted-bottle-2004\/#primaryimage","url":"https:\/\/portovasconcellos.com\/wp-content\/uploads\/2021\/02\/crusted-2004.png","contentUrl":"https:\/\/portovasconcellos.com\/wp-content\/uploads\/2021\/02\/crusted-2004.png","width":327,"height":1200,"caption":"Porto Crusted Bottle"},{"@type":"BreadcrumbList","@id":"https:\/\/portovasconcellos.com\/product\/vasconcellos-crusted-bottle-2004\/#breadcrumb","itemListElement":[{"@type":"ListItem","position":1,"name":"Home","item":"https:\/\/portovasconcellos.com\/pt-pt\/"},{"@type":"ListItem","position":2,"name":"Products","item":"https:\/\/portovasconcellos.com\/shop\/"},{"@type":"ListItem","position":3,"name":"Vasconcellos Porto Crusted 2004"}]},{"@type":"WebSite","@id":"https:\/\/portovasconcellos.com\/#website","url":"https:\/\/portovasconcellos.com\/","name":"Porto Vasconcellos","description":"","publisher":{"@id":"https:\/\/portovasconcellos.com\/#organization"},"potentialAction":[{"@type":"SearchAction","target":{"@type":"EntryPoint","urlTemplate":"https:\/\/portovasconcellos.com\/?s={search_term_string}"},"query-input":"required name=search_term_string"}],"inLanguage":"pt-PT"},{"@type":"Organization","@id":"https:\/\/portovasconcellos.com\/#organization","name":"Porto Vasconcellos","url":"https:\/\/portovasconcellos.com\/","logo":{"@type":"ImageObject","inLanguage":"pt-PT","@id":"https:\/\/portovasconcellos.com\/#\/schema\/logo\/image\/","url":"https:\/\/portovasconcellos.com\/wp-content\/uploads\/2022\/02\/thumb.jpg","contentUrl":"https:\/\/portovasconcellos.com\/wp-content\/uploads\/2022\/02\/thumb.jpg","width":1200,"height":630,"caption":"Porto Vasconcellos"},"image":{"@id":"https:\/\/portovasconcellos.com\/#\/schema\/logo\/image\/"}}]}},"_links":{"self":[{"href":"https:\/\/portovasconcellos.com\/pt-pt\/wp-json\/wp\/v2\/product\/912"}],"collection":[{"href":"https:\/\/portovasconcellos.com\/pt-pt\/wp-json\/wp\/v2\/product"}],"about":[{"href":"https:\/\/portovasconcellos.com\/pt-pt\/wp-json\/wp\/v2\/types\/product"}],"wp:featuredmedia":[{"embeddable":true,"href":"https:\/\/portovasconcellos.com\/pt-pt\/wp-json\/wp\/v2\/media\/291"}],"wp:attachment":[{"href":"https:\/\/portovasconcellos.com\/pt-pt\/wp-json\/wp\/v2\/media?parent=912"}],"wp:term":[{"taxonomy":"product_cat","embeddable":true,"href":"https:\/\/portovasconcellos.com\/pt-pt\/wp-json\/wp\/v2\/product_cat?post=912"},{"taxonomy":"product_tag","embeddable":true,"href":"https:\/\/portovasconcellos.com\/pt-pt\/wp-json\/wp\/v2\/product_tag?post=912"}],"curies":[{"name":"wp","href":"https:\/\/api.w.org\/{rel}","templated":true}]}}