{"id":890,"date":"2021-02-26T16:50:47","date_gmt":"2021-02-26T16:50:47","guid":{"rendered":"http:\/\/portovasconcellos.com\/product\/vasconcellos-lagrima\/"},"modified":"2021-03-15T12:12:00","modified_gmt":"2021-03-15T12:12:00","slug":"vasconcellos-lagrima","status":"publish","type":"product","link":"https:\/\/portovasconcellos.com\/pt-pt\/product\/vasconcellos-lagrima\/","title":{"rendered":"Vasconcellos &#8220;L\u00e1grima&#8221;"},"content":{"rendered":"<h4>O Porto L\u00e1grima, um vinho branco jovem, \u00e9 o mais doce de todos os vinhos do Porto.<\/h4>\n<p>\u00c9 um vinho branco muito floral, que real\u00e7a todos os seus aromas cremosos. O paladar \u00e9 bastante doce com uma ligeira frescura em final.<\/p>\n","protected":false},"excerpt":{"rendered":"<p>O Porto L\u00e1grima, um vinho branco jovem, \u00e9 o mais doce de todos os vinhos do Porto. \u00c9 um vinho branco muito floral, que real\u00e7a todos os seus aromas cremosos. O paladar \u00e9 bastante doce com uma ligeira frescura em final.<\/p>\n","protected":false},"featured_media":278,"template":"","meta":{"_monsterinsights_skip_tracking":false,"_monsterinsights_sitenote_active":false,"_monsterinsights_sitenote_note":"","_monsterinsights_sitenote_category":0},"product_cat":[31],"product_tag":[],"acf":[],"yoast_head":"<!-- This site is optimized with the Yoast SEO plugin v23.1 - https:\/\/yoast.com\/wordpress\/plugins\/seo\/ -->\n<title>Vasconcellos &quot;L\u00e1grima&quot; - Porto Vasconcellos<\/title>\n<meta name=\"robots\" content=\"index, follow, max-snippet:-1, max-image-preview:large, max-video-preview:-1\" \/>\n<link rel=\"canonical\" href=\"https:\/\/portovasconcellos.com\/product\/vasconcellos-lagrima\/\" \/>\n<meta property=\"og:locale\" content=\"pt_PT\" \/>\n<meta property=\"og:type\" content=\"article\" \/>\n<meta property=\"og:title\" content=\"Vasconcellos &quot;L\u00e1grima&quot; - Porto Vasconcellos\" \/>\n<meta property=\"og:description\" content=\"O Porto L\u00e1grima, um vinho branco jovem, \u00e9 o mais doce de todos os vinhos do Porto. \u00c9 um vinho branco muito floral, que real\u00e7a todos os seus aromas cremosos. O paladar \u00e9 bastante doce com uma ligeira frescura em final.\" \/>\n<meta property=\"og:url\" content=\"https:\/\/portovasconcellos.com\/product\/vasconcellos-lagrima\/\" \/>\n<meta property=\"og:site_name\" content=\"Porto Vasconcellos\" \/>\n<meta property=\"article:modified_time\" content=\"2021-03-15T12:12:00+00:00\" \/>\n<meta property=\"og:image\" content=\"https:\/\/portovasconcellos.com\/wp-content\/uploads\/2021\/02\/lagrima.png\" \/>\n\t<meta property=\"og:image:width\" content=\"373\" \/>\n\t<meta property=\"og:image:height\" content=\"1200\" \/>\n\t<meta property=\"og:image:type\" content=\"image\/png\" \/>\n<meta name=\"twitter:card\" content=\"summary_large_image\" \/>\n<script type=\"application\/ld+json\" class=\"yoast-schema-graph\">{\"@context\":\"https:\/\/schema.org\",\"@graph\":[{\"@type\":\"WebPage\",\"@id\":\"https:\/\/portovasconcellos.com\/product\/vasconcellos-lagrima\/\",\"url\":\"https:\/\/portovasconcellos.com\/product\/vasconcellos-lagrima\/\",\"name\":\"Vasconcellos \\\"L\u00e1grima\\\" - Porto Vasconcellos\",\"isPartOf\":{\"@id\":\"https:\/\/portovasconcellos.com\/#website\"},\"primaryImageOfPage\":{\"@id\":\"https:\/\/portovasconcellos.com\/product\/vasconcellos-lagrima\/#primaryimage\"},\"image\":{\"@id\":\"https:\/\/portovasconcellos.com\/product\/vasconcellos-lagrima\/#primaryimage\"},\"thumbnailUrl\":\"https:\/\/portovasconcellos.com\/wp-content\/uploads\/2021\/02\/lagrima.png\",\"datePublished\":\"2021-02-26T16:50:47+00:00\",\"dateModified\":\"2021-03-15T12:12:00+00:00\",\"breadcrumb\":{\"@id\":\"https:\/\/portovasconcellos.com\/product\/vasconcellos-lagrima\/#breadcrumb\"},\"inLanguage\":\"pt-PT\",\"potentialAction\":[{\"@type\":\"ReadAction\",\"target\":[\"https:\/\/portovasconcellos.com\/product\/vasconcellos-lagrima\/\"]}]},{\"@type\":\"ImageObject\",\"inLanguage\":\"pt-PT\",\"@id\":\"https:\/\/portovasconcellos.com\/product\/vasconcellos-lagrima\/#primaryimage\",\"url\":\"https:\/\/portovasconcellos.com\/wp-content\/uploads\/2021\/02\/lagrima.png\",\"contentUrl\":\"https:\/\/portovasconcellos.com\/wp-content\/uploads\/2021\/02\/lagrima.png\",\"width\":373,\"height\":1200,\"caption\":\"Porto Vasconcellos \\\"L\u00e1grima\\\"\"},{\"@type\":\"BreadcrumbList\",\"@id\":\"https:\/\/portovasconcellos.com\/product\/vasconcellos-lagrima\/#breadcrumb\",\"itemListElement\":[{\"@type\":\"ListItem\",\"position\":1,\"name\":\"Home\",\"item\":\"https:\/\/portovasconcellos.com\/pt-pt\/\"},{\"@type\":\"ListItem\",\"position\":2,\"name\":\"Products\",\"item\":\"https:\/\/portovasconcellos.com\/shop\/\"},{\"@type\":\"ListItem\",\"position\":3,\"name\":\"Vasconcellos &#8220;L\u00e1grima&#8221;\"}]},{\"@type\":\"WebSite\",\"@id\":\"https:\/\/portovasconcellos.com\/#website\",\"url\":\"https:\/\/portovasconcellos.com\/\",\"name\":\"Porto Vasconcellos\",\"description\":\"\",\"publisher\":{\"@id\":\"https:\/\/portovasconcellos.com\/#organization\"},\"potentialAction\":[{\"@type\":\"SearchAction\",\"target\":{\"@type\":\"EntryPoint\",\"urlTemplate\":\"https:\/\/portovasconcellos.com\/?s={search_term_string}\"},\"query-input\":\"required name=search_term_string\"}],\"inLanguage\":\"pt-PT\"},{\"@type\":\"Organization\",\"@id\":\"https:\/\/portovasconcellos.com\/#organization\",\"name\":\"Porto Vasconcellos\",\"url\":\"https:\/\/portovasconcellos.com\/\",\"logo\":{\"@type\":\"ImageObject\",\"inLanguage\":\"pt-PT\",\"@id\":\"https:\/\/portovasconcellos.com\/#\/schema\/logo\/image\/\",\"url\":\"https:\/\/portovasconcellos.com\/wp-content\/uploads\/2022\/02\/thumb.jpg\",\"contentUrl\":\"https:\/\/portovasconcellos.com\/wp-content\/uploads\/2022\/02\/thumb.jpg\",\"width\":1200,\"height\":630,\"caption\":\"Porto Vasconcellos\"},\"image\":{\"@id\":\"https:\/\/portovasconcellos.com\/#\/schema\/logo\/image\/\"}}]}<\/script>\n<!-- \/ Yoast SEO plugin. -->","yoast_head_json":{"title":"Vasconcellos \"L\u00e1grima\" - Porto Vasconcellos","robots":{"index":"index","follow":"follow","max-snippet":"max-snippet:-1","max-image-preview":"max-image-preview:large","max-video-preview":"max-video-preview:-1"},"canonical":"https:\/\/portovasconcellos.com\/product\/vasconcellos-lagrima\/","og_locale":"pt_PT","og_type":"article","og_title":"Vasconcellos \"L\u00e1grima\" - Porto Vasconcellos","og_description":"O Porto L\u00e1grima, um vinho branco jovem, \u00e9 o mais doce de todos os vinhos do Porto. \u00c9 um vinho branco muito floral, que real\u00e7a todos os seus aromas cremosos. O paladar \u00e9 bastante doce com uma ligeira frescura em final.","og_url":"https:\/\/portovasconcellos.com\/product\/vasconcellos-lagrima\/","og_site_name":"Porto Vasconcellos","article_modified_time":"2021-03-15T12:12:00+00:00","og_image":[{"width":373,"height":1200,"url":"https:\/\/portovasconcellos.com\/wp-content\/uploads\/2021\/02\/lagrima.png","type":"image\/png"}],"twitter_card":"summary_large_image","schema":{"@context":"https:\/\/schema.org","@graph":[{"@type":"WebPage","@id":"https:\/\/portovasconcellos.com\/product\/vasconcellos-lagrima\/","url":"https:\/\/portovasconcellos.com\/product\/vasconcellos-lagrima\/","name":"Vasconcellos \"L\u00e1grima\" - Porto Vasconcellos","isPartOf":{"@id":"https:\/\/portovasconcellos.com\/#website"},"primaryImageOfPage":{"@id":"https:\/\/portovasconcellos.com\/product\/vasconcellos-lagrima\/#primaryimage"},"image":{"@id":"https:\/\/portovasconcellos.com\/product\/vasconcellos-lagrima\/#primaryimage"},"thumbnailUrl":"https:\/\/portovasconcellos.com\/wp-content\/uploads\/2021\/02\/lagrima.png","datePublished":"2021-02-26T16:50:47+00:00","dateModified":"2021-03-15T12:12:00+00:00","breadcrumb":{"@id":"https:\/\/portovasconcellos.com\/product\/vasconcellos-lagrima\/#breadcrumb"},"inLanguage":"pt-PT","potentialAction":[{"@type":"ReadAction","target":["https:\/\/portovasconcellos.com\/product\/vasconcellos-lagrima\/"]}]},{"@type":"ImageObject","inLanguage":"pt-PT","@id":"https:\/\/portovasconcellos.com\/product\/vasconcellos-lagrima\/#primaryimage","url":"https:\/\/portovasconcellos.com\/wp-content\/uploads\/2021\/02\/lagrima.png","contentUrl":"https:\/\/portovasconcellos.com\/wp-content\/uploads\/2021\/02\/lagrima.png","width":373,"height":1200,"caption":"Porto Vasconcellos \"L\u00e1grima\""},{"@type":"BreadcrumbList","@id":"https:\/\/portovasconcellos.com\/product\/vasconcellos-lagrima\/#breadcrumb","itemListElement":[{"@type":"ListItem","position":1,"name":"Home","item":"https:\/\/portovasconcellos.com\/pt-pt\/"},{"@type":"ListItem","position":2,"name":"Products","item":"https:\/\/portovasconcellos.com\/shop\/"},{"@type":"ListItem","position":3,"name":"Vasconcellos &#8220;L\u00e1grima&#8221;"}]},{"@type":"WebSite","@id":"https:\/\/portovasconcellos.com\/#website","url":"https:\/\/portovasconcellos.com\/","name":"Porto Vasconcellos","description":"","publisher":{"@id":"https:\/\/portovasconcellos.com\/#organization"},"potentialAction":[{"@type":"SearchAction","target":{"@type":"EntryPoint","urlTemplate":"https:\/\/portovasconcellos.com\/?s={search_term_string}"},"query-input":"required name=search_term_string"}],"inLanguage":"pt-PT"},{"@type":"Organization","@id":"https:\/\/portovasconcellos.com\/#organization","name":"Porto Vasconcellos","url":"https:\/\/portovasconcellos.com\/","logo":{"@type":"ImageObject","inLanguage":"pt-PT","@id":"https:\/\/portovasconcellos.com\/#\/schema\/logo\/image\/","url":"https:\/\/portovasconcellos.com\/wp-content\/uploads\/2022\/02\/thumb.jpg","contentUrl":"https:\/\/portovasconcellos.com\/wp-content\/uploads\/2022\/02\/thumb.jpg","width":1200,"height":630,"caption":"Porto Vasconcellos"},"image":{"@id":"https:\/\/portovasconcellos.com\/#\/schema\/logo\/image\/"}}]}},"_links":{"self":[{"href":"https:\/\/portovasconcellos.com\/pt-pt\/wp-json\/wp\/v2\/product\/890"}],"collection":[{"href":"https:\/\/portovasconcellos.com\/pt-pt\/wp-json\/wp\/v2\/product"}],"about":[{"href":"https:\/\/portovasconcellos.com\/pt-pt\/wp-json\/wp\/v2\/types\/product"}],"wp:featuredmedia":[{"embeddable":true,"href":"https:\/\/portovasconcellos.com\/pt-pt\/wp-json\/wp\/v2\/media\/278"}],"wp:attachment":[{"href":"https:\/\/portovasconcellos.com\/pt-pt\/wp-json\/wp\/v2\/media?parent=890"}],"wp:term":[{"taxonomy":"product_cat","embeddable":true,"href":"https:\/\/portovasconcellos.com\/pt-pt\/wp-json\/wp\/v2\/product_cat?post=890"},{"taxonomy":"product_tag","embeddable":true,"href":"https:\/\/portovasconcellos.com\/pt-pt\/wp-json\/wp\/v2\/product_tag?post=890"}],"curies":[{"name":"wp","href":"https:\/\/api.w.org\/{rel}","templated":true}]}}