{"id":1169,"date":"2022-03-02T13:18:30","date_gmt":"2022-03-02T13:18:30","guid":{"rendered":"https:\/\/portovasconcellos.com\/product\/vasconcellos-vintage-2003\/"},"modified":"2022-05-02T09:59:14","modified_gmt":"2022-05-02T08:59:14","slug":"vasconcellos-vintage-2003","status":"publish","type":"product","link":"https:\/\/portovasconcellos.com\/pt-pt\/product\/vasconcellos-vintage-2003\/","title":{"rendered":"Vasconcellos Vintage 2003"},"content":{"rendered":"<h4> O Porto Vintage, \u00e9 um Porto de categoria especial produzido a partir de um \u00fanico ano excepcional. <\/h4>\n<p>O Vintage \u00e9 um vinho natural, cujo envelhecimento pode levar a dep\u00f3sitos. Abrir algumas horas antes de servir e decantar se necess\u00e1rio. A garrafa deve ser armazenada deitada, num local fresco e seco, ao abrigo da luz ou calor.<\/p>\n","protected":false},"excerpt":{"rendered":"<p>O Porto Vintage, \u00e9 um Porto de categoria especial produzido a partir de um \u00fanico ano excepcional. O Vintage \u00e9 um vinho natural, cujo envelhecimento pode levar a dep\u00f3sitos. Abrir algumas horas antes de servir e decantar se necess\u00e1rio. A garrafa deve ser armazenada deitada, num local fresco e seco, ao abrigo da luz ou [&hellip;]<\/p>\n","protected":false},"featured_media":1158,"template":"","meta":{"_monsterinsights_skip_tracking":false,"_monsterinsights_sitenote_active":false,"_monsterinsights_sitenote_note":"","_monsterinsights_sitenote_category":0},"product_cat":[31],"product_tag":[],"acf":[],"yoast_head":"<!-- This site is optimized with the Yoast SEO plugin v23.1 - https:\/\/yoast.com\/wordpress\/plugins\/seo\/ -->\n<title>Vasconcellos Vintage 2003 - Porto Vasconcellos<\/title>\n<meta name=\"robots\" content=\"index, follow, max-snippet:-1, max-image-preview:large, max-video-preview:-1\" \/>\n<link rel=\"canonical\" href=\"https:\/\/portovasconcellos.com\/product\/vasconcellos-vintage-2003\/\" \/>\n<meta property=\"og:locale\" content=\"pt_PT\" \/>\n<meta property=\"og:type\" content=\"article\" \/>\n<meta property=\"og:title\" content=\"Vasconcellos Vintage 2003 - Porto Vasconcellos\" \/>\n<meta property=\"og:description\" content=\"O Porto Vintage, \u00e9 um Porto de categoria especial produzido a partir de um \u00fanico ano excepcional. O Vintage \u00e9 um vinho natural, cujo envelhecimento pode levar a dep\u00f3sitos. Abrir algumas horas antes de servir e decantar se necess\u00e1rio. A garrafa deve ser armazenada deitada, num local fresco e seco, ao abrigo da luz ou [&hellip;]\" \/>\n<meta property=\"og:url\" content=\"https:\/\/portovasconcellos.com\/product\/vasconcellos-vintage-2003\/\" \/>\n<meta property=\"og:site_name\" content=\"Porto Vasconcellos\" \/>\n<meta property=\"article:modified_time\" content=\"2022-05-02T08:59:14+00:00\" \/>\n<meta property=\"og:image\" content=\"https:\/\/portovasconcellos.com\/wp-content\/uploads\/2022\/03\/vintage-2003.png\" \/>\n\t<meta property=\"og:image:width\" content=\"327\" \/>\n\t<meta property=\"og:image:height\" content=\"1200\" \/>\n\t<meta property=\"og:image:type\" content=\"image\/png\" \/>\n<meta name=\"twitter:card\" content=\"summary_large_image\" \/>\n<script type=\"application\/ld+json\" class=\"yoast-schema-graph\">{\"@context\":\"https:\/\/schema.org\",\"@graph\":[{\"@type\":\"WebPage\",\"@id\":\"https:\/\/portovasconcellos.com\/product\/vasconcellos-vintage-2003\/\",\"url\":\"https:\/\/portovasconcellos.com\/product\/vasconcellos-vintage-2003\/\",\"name\":\"Vasconcellos Vintage 2003 - Porto Vasconcellos\",\"isPartOf\":{\"@id\":\"https:\/\/portovasconcellos.com\/#website\"},\"primaryImageOfPage\":{\"@id\":\"https:\/\/portovasconcellos.com\/product\/vasconcellos-vintage-2003\/#primaryimage\"},\"image\":{\"@id\":\"https:\/\/portovasconcellos.com\/product\/vasconcellos-vintage-2003\/#primaryimage\"},\"thumbnailUrl\":\"https:\/\/portovasconcellos.com\/wp-content\/uploads\/2022\/03\/vintage-2003.png\",\"datePublished\":\"2022-03-02T13:18:30+00:00\",\"dateModified\":\"2022-05-02T08:59:14+00:00\",\"breadcrumb\":{\"@id\":\"https:\/\/portovasconcellos.com\/product\/vasconcellos-vintage-2003\/#breadcrumb\"},\"inLanguage\":\"pt-PT\",\"potentialAction\":[{\"@type\":\"ReadAction\",\"target\":[\"https:\/\/portovasconcellos.com\/product\/vasconcellos-vintage-2003\/\"]}]},{\"@type\":\"ImageObject\",\"inLanguage\":\"pt-PT\",\"@id\":\"https:\/\/portovasconcellos.com\/product\/vasconcellos-vintage-2003\/#primaryimage\",\"url\":\"https:\/\/portovasconcellos.com\/wp-content\/uploads\/2022\/03\/vintage-2003.png\",\"contentUrl\":\"https:\/\/portovasconcellos.com\/wp-content\/uploads\/2022\/03\/vintage-2003.png\",\"width\":327,\"height\":1200,\"caption\":\"Vasconcellos Vintage 2003\"},{\"@type\":\"BreadcrumbList\",\"@id\":\"https:\/\/portovasconcellos.com\/product\/vasconcellos-vintage-2003\/#breadcrumb\",\"itemListElement\":[{\"@type\":\"ListItem\",\"position\":1,\"name\":\"Home\",\"item\":\"https:\/\/portovasconcellos.com\/pt-pt\/\"},{\"@type\":\"ListItem\",\"position\":2,\"name\":\"Products\",\"item\":\"https:\/\/portovasconcellos.com\/shop\/\"},{\"@type\":\"ListItem\",\"position\":3,\"name\":\"Vasconcellos Vintage 2003\"}]},{\"@type\":\"WebSite\",\"@id\":\"https:\/\/portovasconcellos.com\/#website\",\"url\":\"https:\/\/portovasconcellos.com\/\",\"name\":\"Porto Vasconcellos\",\"description\":\"\",\"publisher\":{\"@id\":\"https:\/\/portovasconcellos.com\/#organization\"},\"potentialAction\":[{\"@type\":\"SearchAction\",\"target\":{\"@type\":\"EntryPoint\",\"urlTemplate\":\"https:\/\/portovasconcellos.com\/?s={search_term_string}\"},\"query-input\":\"required name=search_term_string\"}],\"inLanguage\":\"pt-PT\"},{\"@type\":\"Organization\",\"@id\":\"https:\/\/portovasconcellos.com\/#organization\",\"name\":\"Porto Vasconcellos\",\"url\":\"https:\/\/portovasconcellos.com\/\",\"logo\":{\"@type\":\"ImageObject\",\"inLanguage\":\"pt-PT\",\"@id\":\"https:\/\/portovasconcellos.com\/#\/schema\/logo\/image\/\",\"url\":\"https:\/\/portovasconcellos.com\/wp-content\/uploads\/2022\/02\/thumb.jpg\",\"contentUrl\":\"https:\/\/portovasconcellos.com\/wp-content\/uploads\/2022\/02\/thumb.jpg\",\"width\":1200,\"height\":630,\"caption\":\"Porto Vasconcellos\"},\"image\":{\"@id\":\"https:\/\/portovasconcellos.com\/#\/schema\/logo\/image\/\"}}]}<\/script>\n<!-- \/ Yoast SEO plugin. -->","yoast_head_json":{"title":"Vasconcellos Vintage 2003 - Porto Vasconcellos","robots":{"index":"index","follow":"follow","max-snippet":"max-snippet:-1","max-image-preview":"max-image-preview:large","max-video-preview":"max-video-preview:-1"},"canonical":"https:\/\/portovasconcellos.com\/product\/vasconcellos-vintage-2003\/","og_locale":"pt_PT","og_type":"article","og_title":"Vasconcellos Vintage 2003 - Porto Vasconcellos","og_description":"O Porto Vintage, \u00e9 um Porto de categoria especial produzido a partir de um \u00fanico ano excepcional. O Vintage \u00e9 um vinho natural, cujo envelhecimento pode levar a dep\u00f3sitos. Abrir algumas horas antes de servir e decantar se necess\u00e1rio. A garrafa deve ser armazenada deitada, num local fresco e seco, ao abrigo da luz ou [&hellip;]","og_url":"https:\/\/portovasconcellos.com\/product\/vasconcellos-vintage-2003\/","og_site_name":"Porto Vasconcellos","article_modified_time":"2022-05-02T08:59:14+00:00","og_image":[{"width":327,"height":1200,"url":"https:\/\/portovasconcellos.com\/wp-content\/uploads\/2022\/03\/vintage-2003.png","type":"image\/png"}],"twitter_card":"summary_large_image","schema":{"@context":"https:\/\/schema.org","@graph":[{"@type":"WebPage","@id":"https:\/\/portovasconcellos.com\/product\/vasconcellos-vintage-2003\/","url":"https:\/\/portovasconcellos.com\/product\/vasconcellos-vintage-2003\/","name":"Vasconcellos Vintage 2003 - Porto Vasconcellos","isPartOf":{"@id":"https:\/\/portovasconcellos.com\/#website"},"primaryImageOfPage":{"@id":"https:\/\/portovasconcellos.com\/product\/vasconcellos-vintage-2003\/#primaryimage"},"image":{"@id":"https:\/\/portovasconcellos.com\/product\/vasconcellos-vintage-2003\/#primaryimage"},"thumbnailUrl":"https:\/\/portovasconcellos.com\/wp-content\/uploads\/2022\/03\/vintage-2003.png","datePublished":"2022-03-02T13:18:30+00:00","dateModified":"2022-05-02T08:59:14+00:00","breadcrumb":{"@id":"https:\/\/portovasconcellos.com\/product\/vasconcellos-vintage-2003\/#breadcrumb"},"inLanguage":"pt-PT","potentialAction":[{"@type":"ReadAction","target":["https:\/\/portovasconcellos.com\/product\/vasconcellos-vintage-2003\/"]}]},{"@type":"ImageObject","inLanguage":"pt-PT","@id":"https:\/\/portovasconcellos.com\/product\/vasconcellos-vintage-2003\/#primaryimage","url":"https:\/\/portovasconcellos.com\/wp-content\/uploads\/2022\/03\/vintage-2003.png","contentUrl":"https:\/\/portovasconcellos.com\/wp-content\/uploads\/2022\/03\/vintage-2003.png","width":327,"height":1200,"caption":"Vasconcellos Vintage 2003"},{"@type":"BreadcrumbList","@id":"https:\/\/portovasconcellos.com\/product\/vasconcellos-vintage-2003\/#breadcrumb","itemListElement":[{"@type":"ListItem","position":1,"name":"Home","item":"https:\/\/portovasconcellos.com\/pt-pt\/"},{"@type":"ListItem","position":2,"name":"Products","item":"https:\/\/portovasconcellos.com\/shop\/"},{"@type":"ListItem","position":3,"name":"Vasconcellos Vintage 2003"}]},{"@type":"WebSite","@id":"https:\/\/portovasconcellos.com\/#website","url":"https:\/\/portovasconcellos.com\/","name":"Porto Vasconcellos","description":"","publisher":{"@id":"https:\/\/portovasconcellos.com\/#organization"},"potentialAction":[{"@type":"SearchAction","target":{"@type":"EntryPoint","urlTemplate":"https:\/\/portovasconcellos.com\/?s={search_term_string}"},"query-input":"required name=search_term_string"}],"inLanguage":"pt-PT"},{"@type":"Organization","@id":"https:\/\/portovasconcellos.com\/#organization","name":"Porto Vasconcellos","url":"https:\/\/portovasconcellos.com\/","logo":{"@type":"ImageObject","inLanguage":"pt-PT","@id":"https:\/\/portovasconcellos.com\/#\/schema\/logo\/image\/","url":"https:\/\/portovasconcellos.com\/wp-content\/uploads\/2022\/02\/thumb.jpg","contentUrl":"https:\/\/portovasconcellos.com\/wp-content\/uploads\/2022\/02\/thumb.jpg","width":1200,"height":630,"caption":"Porto Vasconcellos"},"image":{"@id":"https:\/\/portovasconcellos.com\/#\/schema\/logo\/image\/"}}]}},"_links":{"self":[{"href":"https:\/\/portovasconcellos.com\/pt-pt\/wp-json\/wp\/v2\/product\/1169"}],"collection":[{"href":"https:\/\/portovasconcellos.com\/pt-pt\/wp-json\/wp\/v2\/product"}],"about":[{"href":"https:\/\/portovasconcellos.com\/pt-pt\/wp-json\/wp\/v2\/types\/product"}],"wp:featuredmedia":[{"embeddable":true,"href":"https:\/\/portovasconcellos.com\/pt-pt\/wp-json\/wp\/v2\/media\/1158"}],"wp:attachment":[{"href":"https:\/\/portovasconcellos.com\/pt-pt\/wp-json\/wp\/v2\/media?parent=1169"}],"wp:term":[{"taxonomy":"product_cat","embeddable":true,"href":"https:\/\/portovasconcellos.com\/pt-pt\/wp-json\/wp\/v2\/product_cat?post=1169"},{"taxonomy":"product_tag","embeddable":true,"href":"https:\/\/portovasconcellos.com\/pt-pt\/wp-json\/wp\/v2\/product_tag?post=1169"}],"curies":[{"name":"wp","href":"https:\/\/api.w.org\/{rel}","templated":true}]}}