{"id":910,"date":"2021-02-26T16:59:53","date_gmt":"2021-02-26T16:59:53","guid":{"rendered":"http:\/\/portovasconcellos.com\/product\/vasconcellos-crusted-bottle-2004\/"},"modified":"2021-03-15T12:26:53","modified_gmt":"2021-03-15T12:26:53","slug":"vasconcellos-porto-crusted-2004","status":"publish","type":"product","link":"https:\/\/portovasconcellos.com\/fr\/product\/vasconcellos-porto-crusted-2004\/","title":{"rendered":"Vasconcellos Porto Crusted 2004"},"content":{"rendered":"<h4>Le Porto Crusted de Vasconcellos est une s\u00e9lection de diff\u00e9rents vins qui, assembl\u00e9s, vieillira en bouteille.<\/h4>\n<p>Contrairement au Vintage qui est issu de raisins d\u2019une seule r\u00e9colte, le Porto Crusted pourra \u00eatre le r\u00e9sultat de plusieurs r\u00e9coltes soigneusement choisies afin de retirer les meilleures caract\u00e9ristiques des mill\u00e9simes.<\/p>\n<p>Le Porto Crusted est mis en bouteille sans filtration , et comme son nom l\u2019indique il formera une \u201ccroute\u201d de s\u00e9diments dans la bouteille et donc, comme le Porto Vintage, doit \u00eatre d\u00e9cant\u00e9 avant d\u2019\u00eatre servi.<\/p>\n","protected":false},"excerpt":{"rendered":"<p>Le Porto Crusted de Vasconcellos est une s\u00e9lection de diff\u00e9rents vins qui, assembl\u00e9s, vieillira en bouteille. Contrairement au Vintage qui est issu de raisins d\u2019une seule r\u00e9colte, le Porto Crusted pourra \u00eatre le r\u00e9sultat de plusieurs r\u00e9coltes soigneusement choisies afin de retirer les meilleures caract\u00e9ristiques des mill\u00e9simes. Le Porto Crusted est mis en bouteille sans [&hellip;]<\/p>\n","protected":false},"featured_media":290,"template":"","meta":{"_monsterinsights_skip_tracking":false,"_monsterinsights_sitenote_active":false,"_monsterinsights_sitenote_note":"","_monsterinsights_sitenote_category":0},"product_cat":[30],"product_tag":[],"acf":[],"yoast_head":"<!-- This site is optimized with the Yoast SEO plugin v23.1 - https:\/\/yoast.com\/wordpress\/plugins\/seo\/ -->\n<title>Vasconcellos Porto Crusted 2004 - Porto Vasconcellos<\/title>\n<meta name=\"robots\" content=\"index, follow, max-snippet:-1, max-image-preview:large, max-video-preview:-1\" \/>\n<link rel=\"canonical\" href=\"https:\/\/portovasconcellos.com\/product\/vasconcellos-crusted-bottle-2004\/\" \/>\n<meta property=\"og:locale\" content=\"fr_FR\" \/>\n<meta property=\"og:type\" content=\"article\" \/>\n<meta property=\"og:title\" content=\"Vasconcellos Porto Crusted 2004 - Porto Vasconcellos\" \/>\n<meta property=\"og:description\" content=\"Le Porto Crusted de Vasconcellos est une s\u00e9lection de diff\u00e9rents vins qui, assembl\u00e9s, vieillira en bouteille. Contrairement au Vintage qui est issu de raisins d\u2019une seule r\u00e9colte, le Porto Crusted pourra \u00eatre le r\u00e9sultat de plusieurs r\u00e9coltes soigneusement choisies afin de retirer les meilleures caract\u00e9ristiques des mill\u00e9simes. Le Porto Crusted est mis en bouteille sans [&hellip;]\" \/>\n<meta property=\"og:url\" content=\"https:\/\/portovasconcellos.com\/product\/vasconcellos-crusted-bottle-2004\/\" \/>\n<meta property=\"og:site_name\" content=\"Porto Vasconcellos\" \/>\n<meta property=\"article:modified_time\" content=\"2021-03-15T12:26:53+00:00\" \/>\n<meta property=\"og:image\" content=\"https:\/\/portovasconcellos.com\/wp-content\/uploads\/2021\/02\/crusted-2004.png\" \/>\n\t<meta property=\"og:image:width\" content=\"327\" \/>\n\t<meta property=\"og:image:height\" content=\"1200\" \/>\n\t<meta property=\"og:image:type\" content=\"image\/png\" \/>\n<meta name=\"twitter:card\" content=\"summary_large_image\" \/>\n<script type=\"application\/ld+json\" class=\"yoast-schema-graph\">{\"@context\":\"https:\/\/schema.org\",\"@graph\":[{\"@type\":\"WebPage\",\"@id\":\"https:\/\/portovasconcellos.com\/product\/vasconcellos-crusted-bottle-2004\/\",\"url\":\"https:\/\/portovasconcellos.com\/product\/vasconcellos-crusted-bottle-2004\/\",\"name\":\"Vasconcellos Porto Crusted 2004 - Porto Vasconcellos\",\"isPartOf\":{\"@id\":\"https:\/\/portovasconcellos.com\/#website\"},\"primaryImageOfPage\":{\"@id\":\"https:\/\/portovasconcellos.com\/product\/vasconcellos-crusted-bottle-2004\/#primaryimage\"},\"image\":{\"@id\":\"https:\/\/portovasconcellos.com\/product\/vasconcellos-crusted-bottle-2004\/#primaryimage\"},\"thumbnailUrl\":\"https:\/\/portovasconcellos.com\/wp-content\/uploads\/2021\/02\/crusted-2004.png\",\"datePublished\":\"2021-02-26T16:59:53+00:00\",\"dateModified\":\"2021-03-15T12:26:53+00:00\",\"breadcrumb\":{\"@id\":\"https:\/\/portovasconcellos.com\/product\/vasconcellos-crusted-bottle-2004\/#breadcrumb\"},\"inLanguage\":\"fr-FR\",\"potentialAction\":[{\"@type\":\"ReadAction\",\"target\":[\"https:\/\/portovasconcellos.com\/product\/vasconcellos-crusted-bottle-2004\/\"]}]},{\"@type\":\"ImageObject\",\"inLanguage\":\"fr-FR\",\"@id\":\"https:\/\/portovasconcellos.com\/product\/vasconcellos-crusted-bottle-2004\/#primaryimage\",\"url\":\"https:\/\/portovasconcellos.com\/wp-content\/uploads\/2021\/02\/crusted-2004.png\",\"contentUrl\":\"https:\/\/portovasconcellos.com\/wp-content\/uploads\/2021\/02\/crusted-2004.png\",\"width\":327,\"height\":1200,\"caption\":\"Porto Crusted Bottle\"},{\"@type\":\"BreadcrumbList\",\"@id\":\"https:\/\/portovasconcellos.com\/product\/vasconcellos-crusted-bottle-2004\/#breadcrumb\",\"itemListElement\":[{\"@type\":\"ListItem\",\"position\":1,\"name\":\"Home\",\"item\":\"https:\/\/portovasconcellos.com\/fr\/\"},{\"@type\":\"ListItem\",\"position\":2,\"name\":\"Products\",\"item\":\"https:\/\/portovasconcellos.com\/shop\/\"},{\"@type\":\"ListItem\",\"position\":3,\"name\":\"Vasconcellos Porto Crusted 2004\"}]},{\"@type\":\"WebSite\",\"@id\":\"https:\/\/portovasconcellos.com\/#website\",\"url\":\"https:\/\/portovasconcellos.com\/\",\"name\":\"Porto Vasconcellos\",\"description\":\"\",\"publisher\":{\"@id\":\"https:\/\/portovasconcellos.com\/#organization\"},\"potentialAction\":[{\"@type\":\"SearchAction\",\"target\":{\"@type\":\"EntryPoint\",\"urlTemplate\":\"https:\/\/portovasconcellos.com\/?s={search_term_string}\"},\"query-input\":\"required name=search_term_string\"}],\"inLanguage\":\"fr-FR\"},{\"@type\":\"Organization\",\"@id\":\"https:\/\/portovasconcellos.com\/#organization\",\"name\":\"Porto Vasconcellos\",\"url\":\"https:\/\/portovasconcellos.com\/\",\"logo\":{\"@type\":\"ImageObject\",\"inLanguage\":\"fr-FR\",\"@id\":\"https:\/\/portovasconcellos.com\/#\/schema\/logo\/image\/\",\"url\":\"https:\/\/portovasconcellos.com\/wp-content\/uploads\/2022\/02\/thumb.jpg\",\"contentUrl\":\"https:\/\/portovasconcellos.com\/wp-content\/uploads\/2022\/02\/thumb.jpg\",\"width\":1200,\"height\":630,\"caption\":\"Porto Vasconcellos\"},\"image\":{\"@id\":\"https:\/\/portovasconcellos.com\/#\/schema\/logo\/image\/\"}}]}<\/script>\n<!-- \/ Yoast SEO plugin. -->","yoast_head_json":{"title":"Vasconcellos Porto Crusted 2004 - Porto Vasconcellos","robots":{"index":"index","follow":"follow","max-snippet":"max-snippet:-1","max-image-preview":"max-image-preview:large","max-video-preview":"max-video-preview:-1"},"canonical":"https:\/\/portovasconcellos.com\/product\/vasconcellos-crusted-bottle-2004\/","og_locale":"fr_FR","og_type":"article","og_title":"Vasconcellos Porto Crusted 2004 - Porto Vasconcellos","og_description":"Le Porto Crusted de Vasconcellos est une s\u00e9lection de diff\u00e9rents vins qui, assembl\u00e9s, vieillira en bouteille. Contrairement au Vintage qui est issu de raisins d\u2019une seule r\u00e9colte, le Porto Crusted pourra \u00eatre le r\u00e9sultat de plusieurs r\u00e9coltes soigneusement choisies afin de retirer les meilleures caract\u00e9ristiques des mill\u00e9simes. Le Porto Crusted est mis en bouteille sans [&hellip;]","og_url":"https:\/\/portovasconcellos.com\/product\/vasconcellos-crusted-bottle-2004\/","og_site_name":"Porto Vasconcellos","article_modified_time":"2021-03-15T12:26:53+00:00","og_image":[{"width":327,"height":1200,"url":"https:\/\/portovasconcellos.com\/wp-content\/uploads\/2021\/02\/crusted-2004.png","type":"image\/png"}],"twitter_card":"summary_large_image","schema":{"@context":"https:\/\/schema.org","@graph":[{"@type":"WebPage","@id":"https:\/\/portovasconcellos.com\/product\/vasconcellos-crusted-bottle-2004\/","url":"https:\/\/portovasconcellos.com\/product\/vasconcellos-crusted-bottle-2004\/","name":"Vasconcellos Porto Crusted 2004 - Porto Vasconcellos","isPartOf":{"@id":"https:\/\/portovasconcellos.com\/#website"},"primaryImageOfPage":{"@id":"https:\/\/portovasconcellos.com\/product\/vasconcellos-crusted-bottle-2004\/#primaryimage"},"image":{"@id":"https:\/\/portovasconcellos.com\/product\/vasconcellos-crusted-bottle-2004\/#primaryimage"},"thumbnailUrl":"https:\/\/portovasconcellos.com\/wp-content\/uploads\/2021\/02\/crusted-2004.png","datePublished":"2021-02-26T16:59:53+00:00","dateModified":"2021-03-15T12:26:53+00:00","breadcrumb":{"@id":"https:\/\/portovasconcellos.com\/product\/vasconcellos-crusted-bottle-2004\/#breadcrumb"},"inLanguage":"fr-FR","potentialAction":[{"@type":"ReadAction","target":["https:\/\/portovasconcellos.com\/product\/vasconcellos-crusted-bottle-2004\/"]}]},{"@type":"ImageObject","inLanguage":"fr-FR","@id":"https:\/\/portovasconcellos.com\/product\/vasconcellos-crusted-bottle-2004\/#primaryimage","url":"https:\/\/portovasconcellos.com\/wp-content\/uploads\/2021\/02\/crusted-2004.png","contentUrl":"https:\/\/portovasconcellos.com\/wp-content\/uploads\/2021\/02\/crusted-2004.png","width":327,"height":1200,"caption":"Porto Crusted Bottle"},{"@type":"BreadcrumbList","@id":"https:\/\/portovasconcellos.com\/product\/vasconcellos-crusted-bottle-2004\/#breadcrumb","itemListElement":[{"@type":"ListItem","position":1,"name":"Home","item":"https:\/\/portovasconcellos.com\/fr\/"},{"@type":"ListItem","position":2,"name":"Products","item":"https:\/\/portovasconcellos.com\/shop\/"},{"@type":"ListItem","position":3,"name":"Vasconcellos Porto Crusted 2004"}]},{"@type":"WebSite","@id":"https:\/\/portovasconcellos.com\/#website","url":"https:\/\/portovasconcellos.com\/","name":"Porto Vasconcellos","description":"","publisher":{"@id":"https:\/\/portovasconcellos.com\/#organization"},"potentialAction":[{"@type":"SearchAction","target":{"@type":"EntryPoint","urlTemplate":"https:\/\/portovasconcellos.com\/?s={search_term_string}"},"query-input":"required name=search_term_string"}],"inLanguage":"fr-FR"},{"@type":"Organization","@id":"https:\/\/portovasconcellos.com\/#organization","name":"Porto Vasconcellos","url":"https:\/\/portovasconcellos.com\/","logo":{"@type":"ImageObject","inLanguage":"fr-FR","@id":"https:\/\/portovasconcellos.com\/#\/schema\/logo\/image\/","url":"https:\/\/portovasconcellos.com\/wp-content\/uploads\/2022\/02\/thumb.jpg","contentUrl":"https:\/\/portovasconcellos.com\/wp-content\/uploads\/2022\/02\/thumb.jpg","width":1200,"height":630,"caption":"Porto Vasconcellos"},"image":{"@id":"https:\/\/portovasconcellos.com\/#\/schema\/logo\/image\/"}}]}},"_links":{"self":[{"href":"https:\/\/portovasconcellos.com\/fr\/wp-json\/wp\/v2\/product\/910"}],"collection":[{"href":"https:\/\/portovasconcellos.com\/fr\/wp-json\/wp\/v2\/product"}],"about":[{"href":"https:\/\/portovasconcellos.com\/fr\/wp-json\/wp\/v2\/types\/product"}],"wp:featuredmedia":[{"embeddable":true,"href":"https:\/\/portovasconcellos.com\/fr\/wp-json\/wp\/v2\/media\/290"}],"wp:attachment":[{"href":"https:\/\/portovasconcellos.com\/fr\/wp-json\/wp\/v2\/media?parent=910"}],"wp:term":[{"taxonomy":"product_cat","embeddable":true,"href":"https:\/\/portovasconcellos.com\/fr\/wp-json\/wp\/v2\/product_cat?post=910"},{"taxonomy":"product_tag","embeddable":true,"href":"https:\/\/portovasconcellos.com\/fr\/wp-json\/wp\/v2\/product_tag?post=910"}],"curies":[{"name":"wp","href":"https:\/\/api.w.org\/{rel}","templated":true}]}}