{"id":906,"date":"2021-02-26T16:58:39","date_gmt":"2021-02-26T16:58:39","guid":{"rendered":"http:\/\/portovasconcellos.com\/product\/vasconcellos-40-years-old-tawny\/"},"modified":"2021-03-15T12:24:19","modified_gmt":"2021-03-15T12:24:19","slug":"vasconcellos-40-ans-tawny","status":"publish","type":"product","link":"https:\/\/portovasconcellos.com\/fr\/product\/vasconcellos-40-ans-tawny\/","title":{"rendered":"Vasconcellos 40 Ans Tawny"},"content":{"rendered":"<h4>Seuls les meilleurs assemblages de tawny sont s\u00e9lectionn\u00e9s pour \u00eatre vieillis de nombreuses ann\u00e9es en f\u00fbts de ch\u00eane, pour cr\u00e9er des vins rares et exceptionnels de 40 ans d&rsquo;\u00e2ge comme ce porto tawny de Vasconcellos.<\/h4>\n<p>C\u2019est le plus vieux Tawny de Vasconcellos, il n&rsquo;est disponible qu&rsquo;en quantit\u00e9 limit\u00e9e.<\/p>\n<p>Riche et complexe avec des saveurs de fruits secs, de noix et de caramel accompagn\u00e9es de quelques notes de vanille et de miel. Cors\u00e9, mais doux et gouleyant, ce vin sophistiqu\u00e9 atteint un \u00e9quilibre et une harmonie uniques. <\/p>\n<p>Prenez votre temps pour profiter des excellentes qualit\u00e9s de ce noble 40 ans d&rsquo;\u00e2ge comme un surprenant vin de dessert ou seul.<\/p>\n","protected":false},"excerpt":{"rendered":"<p>Seuls les meilleurs assemblages de tawny sont s\u00e9lectionn\u00e9s pour \u00eatre vieillis de nombreuses ann\u00e9es en f\u00fbts de ch\u00eane, pour cr\u00e9er des vins rares et exceptionnels de 40 ans d&rsquo;\u00e2ge comme ce porto tawny de Vasconcellos. C\u2019est le plus vieux Tawny de Vasconcellos, il n&rsquo;est disponible qu&rsquo;en quantit\u00e9 limit\u00e9e. Riche et complexe avec des saveurs de [&hellip;]<\/p>\n","protected":false},"featured_media":274,"template":"","meta":{"_monsterinsights_skip_tracking":false,"_monsterinsights_sitenote_active":false,"_monsterinsights_sitenote_note":"","_monsterinsights_sitenote_category":0},"product_cat":[30],"product_tag":[],"acf":[],"yoast_head":"<!-- This site is optimized with the Yoast SEO plugin v23.1 - https:\/\/yoast.com\/wordpress\/plugins\/seo\/ -->\n<title>Vasconcellos 40 Ans Tawny - Porto Vasconcellos<\/title>\n<meta name=\"robots\" content=\"index, follow, max-snippet:-1, max-image-preview:large, max-video-preview:-1\" \/>\n<link rel=\"canonical\" href=\"https:\/\/portovasconcellos.com\/product\/vasconcellos-40-years-old-tawny\/\" \/>\n<meta property=\"og:locale\" content=\"fr_FR\" \/>\n<meta property=\"og:type\" content=\"article\" \/>\n<meta property=\"og:title\" content=\"Vasconcellos 40 Ans Tawny - Porto Vasconcellos\" \/>\n<meta property=\"og:description\" content=\"Seuls les meilleurs assemblages de tawny sont s\u00e9lectionn\u00e9s pour \u00eatre vieillis de nombreuses ann\u00e9es en f\u00fbts de ch\u00eane, pour cr\u00e9er des vins rares et exceptionnels de 40 ans d&rsquo;\u00e2ge comme ce porto tawny de Vasconcellos. C\u2019est le plus vieux Tawny de Vasconcellos, il n&rsquo;est disponible qu&rsquo;en quantit\u00e9 limit\u00e9e. Riche et complexe avec des saveurs de [&hellip;]\" \/>\n<meta property=\"og:url\" content=\"https:\/\/portovasconcellos.com\/product\/vasconcellos-40-years-old-tawny\/\" \/>\n<meta property=\"og:site_name\" content=\"Porto Vasconcellos\" \/>\n<meta property=\"article:modified_time\" content=\"2021-03-15T12:24:19+00:00\" \/>\n<meta property=\"og:image\" content=\"https:\/\/portovasconcellos.com\/wp-content\/uploads\/2021\/02\/40years.png\" \/>\n\t<meta property=\"og:image:width\" content=\"327\" \/>\n\t<meta property=\"og:image:height\" content=\"1200\" \/>\n\t<meta property=\"og:image:type\" content=\"image\/png\" \/>\n<meta name=\"twitter:card\" content=\"summary_large_image\" \/>\n<meta name=\"twitter:label1\" content=\"Dur\u00e9e de lecture estim\u00e9e\" \/>\n\t<meta name=\"twitter:data1\" content=\"1 minute\" \/>\n<script type=\"application\/ld+json\" class=\"yoast-schema-graph\">{\"@context\":\"https:\/\/schema.org\",\"@graph\":[{\"@type\":\"WebPage\",\"@id\":\"https:\/\/portovasconcellos.com\/product\/vasconcellos-40-years-old-tawny\/\",\"url\":\"https:\/\/portovasconcellos.com\/product\/vasconcellos-40-years-old-tawny\/\",\"name\":\"Vasconcellos 40 Ans Tawny - Porto Vasconcellos\",\"isPartOf\":{\"@id\":\"https:\/\/portovasconcellos.com\/#website\"},\"primaryImageOfPage\":{\"@id\":\"https:\/\/portovasconcellos.com\/product\/vasconcellos-40-years-old-tawny\/#primaryimage\"},\"image\":{\"@id\":\"https:\/\/portovasconcellos.com\/product\/vasconcellos-40-years-old-tawny\/#primaryimage\"},\"thumbnailUrl\":\"https:\/\/portovasconcellos.com\/wp-content\/uploads\/2021\/02\/40years.png\",\"datePublished\":\"2021-02-26T16:58:39+00:00\",\"dateModified\":\"2021-03-15T12:24:19+00:00\",\"breadcrumb\":{\"@id\":\"https:\/\/portovasconcellos.com\/product\/vasconcellos-40-years-old-tawny\/#breadcrumb\"},\"inLanguage\":\"fr-FR\",\"potentialAction\":[{\"@type\":\"ReadAction\",\"target\":[\"https:\/\/portovasconcellos.com\/product\/vasconcellos-40-years-old-tawny\/\"]}]},{\"@type\":\"ImageObject\",\"inLanguage\":\"fr-FR\",\"@id\":\"https:\/\/portovasconcellos.com\/product\/vasconcellos-40-years-old-tawny\/#primaryimage\",\"url\":\"https:\/\/portovasconcellos.com\/wp-content\/uploads\/2021\/02\/40years.png\",\"contentUrl\":\"https:\/\/portovasconcellos.com\/wp-content\/uploads\/2021\/02\/40years.png\",\"width\":327,\"height\":1200,\"caption\":\"Porto Vasconcellos 40 Years Old Tawny\"},{\"@type\":\"BreadcrumbList\",\"@id\":\"https:\/\/portovasconcellos.com\/product\/vasconcellos-40-years-old-tawny\/#breadcrumb\",\"itemListElement\":[{\"@type\":\"ListItem\",\"position\":1,\"name\":\"Home\",\"item\":\"https:\/\/portovasconcellos.com\/fr\/\"},{\"@type\":\"ListItem\",\"position\":2,\"name\":\"Products\",\"item\":\"https:\/\/portovasconcellos.com\/shop\/\"},{\"@type\":\"ListItem\",\"position\":3,\"name\":\"Vasconcellos 40 Ans Tawny\"}]},{\"@type\":\"WebSite\",\"@id\":\"https:\/\/portovasconcellos.com\/#website\",\"url\":\"https:\/\/portovasconcellos.com\/\",\"name\":\"Porto Vasconcellos\",\"description\":\"\",\"publisher\":{\"@id\":\"https:\/\/portovasconcellos.com\/#organization\"},\"potentialAction\":[{\"@type\":\"SearchAction\",\"target\":{\"@type\":\"EntryPoint\",\"urlTemplate\":\"https:\/\/portovasconcellos.com\/?s={search_term_string}\"},\"query-input\":\"required name=search_term_string\"}],\"inLanguage\":\"fr-FR\"},{\"@type\":\"Organization\",\"@id\":\"https:\/\/portovasconcellos.com\/#organization\",\"name\":\"Porto Vasconcellos\",\"url\":\"https:\/\/portovasconcellos.com\/\",\"logo\":{\"@type\":\"ImageObject\",\"inLanguage\":\"fr-FR\",\"@id\":\"https:\/\/portovasconcellos.com\/#\/schema\/logo\/image\/\",\"url\":\"https:\/\/portovasconcellos.com\/wp-content\/uploads\/2022\/02\/thumb.jpg\",\"contentUrl\":\"https:\/\/portovasconcellos.com\/wp-content\/uploads\/2022\/02\/thumb.jpg\",\"width\":1200,\"height\":630,\"caption\":\"Porto Vasconcellos\"},\"image\":{\"@id\":\"https:\/\/portovasconcellos.com\/#\/schema\/logo\/image\/\"}}]}<\/script>\n<!-- \/ Yoast SEO plugin. -->","yoast_head_json":{"title":"Vasconcellos 40 Ans Tawny - Porto Vasconcellos","robots":{"index":"index","follow":"follow","max-snippet":"max-snippet:-1","max-image-preview":"max-image-preview:large","max-video-preview":"max-video-preview:-1"},"canonical":"https:\/\/portovasconcellos.com\/product\/vasconcellos-40-years-old-tawny\/","og_locale":"fr_FR","og_type":"article","og_title":"Vasconcellos 40 Ans Tawny - Porto Vasconcellos","og_description":"Seuls les meilleurs assemblages de tawny sont s\u00e9lectionn\u00e9s pour \u00eatre vieillis de nombreuses ann\u00e9es en f\u00fbts de ch\u00eane, pour cr\u00e9er des vins rares et exceptionnels de 40 ans d&rsquo;\u00e2ge comme ce porto tawny de Vasconcellos. C\u2019est le plus vieux Tawny de Vasconcellos, il n&rsquo;est disponible qu&rsquo;en quantit\u00e9 limit\u00e9e. Riche et complexe avec des saveurs de [&hellip;]","og_url":"https:\/\/portovasconcellos.com\/product\/vasconcellos-40-years-old-tawny\/","og_site_name":"Porto Vasconcellos","article_modified_time":"2021-03-15T12:24:19+00:00","og_image":[{"width":327,"height":1200,"url":"https:\/\/portovasconcellos.com\/wp-content\/uploads\/2021\/02\/40years.png","type":"image\/png"}],"twitter_card":"summary_large_image","twitter_misc":{"Dur\u00e9e de lecture estim\u00e9e":"1 minute"},"schema":{"@context":"https:\/\/schema.org","@graph":[{"@type":"WebPage","@id":"https:\/\/portovasconcellos.com\/product\/vasconcellos-40-years-old-tawny\/","url":"https:\/\/portovasconcellos.com\/product\/vasconcellos-40-years-old-tawny\/","name":"Vasconcellos 40 Ans Tawny - Porto Vasconcellos","isPartOf":{"@id":"https:\/\/portovasconcellos.com\/#website"},"primaryImageOfPage":{"@id":"https:\/\/portovasconcellos.com\/product\/vasconcellos-40-years-old-tawny\/#primaryimage"},"image":{"@id":"https:\/\/portovasconcellos.com\/product\/vasconcellos-40-years-old-tawny\/#primaryimage"},"thumbnailUrl":"https:\/\/portovasconcellos.com\/wp-content\/uploads\/2021\/02\/40years.png","datePublished":"2021-02-26T16:58:39+00:00","dateModified":"2021-03-15T12:24:19+00:00","breadcrumb":{"@id":"https:\/\/portovasconcellos.com\/product\/vasconcellos-40-years-old-tawny\/#breadcrumb"},"inLanguage":"fr-FR","potentialAction":[{"@type":"ReadAction","target":["https:\/\/portovasconcellos.com\/product\/vasconcellos-40-years-old-tawny\/"]}]},{"@type":"ImageObject","inLanguage":"fr-FR","@id":"https:\/\/portovasconcellos.com\/product\/vasconcellos-40-years-old-tawny\/#primaryimage","url":"https:\/\/portovasconcellos.com\/wp-content\/uploads\/2021\/02\/40years.png","contentUrl":"https:\/\/portovasconcellos.com\/wp-content\/uploads\/2021\/02\/40years.png","width":327,"height":1200,"caption":"Porto Vasconcellos 40 Years Old Tawny"},{"@type":"BreadcrumbList","@id":"https:\/\/portovasconcellos.com\/product\/vasconcellos-40-years-old-tawny\/#breadcrumb","itemListElement":[{"@type":"ListItem","position":1,"name":"Home","item":"https:\/\/portovasconcellos.com\/fr\/"},{"@type":"ListItem","position":2,"name":"Products","item":"https:\/\/portovasconcellos.com\/shop\/"},{"@type":"ListItem","position":3,"name":"Vasconcellos 40 Ans Tawny"}]},{"@type":"WebSite","@id":"https:\/\/portovasconcellos.com\/#website","url":"https:\/\/portovasconcellos.com\/","name":"Porto Vasconcellos","description":"","publisher":{"@id":"https:\/\/portovasconcellos.com\/#organization"},"potentialAction":[{"@type":"SearchAction","target":{"@type":"EntryPoint","urlTemplate":"https:\/\/portovasconcellos.com\/?s={search_term_string}"},"query-input":"required name=search_term_string"}],"inLanguage":"fr-FR"},{"@type":"Organization","@id":"https:\/\/portovasconcellos.com\/#organization","name":"Porto Vasconcellos","url":"https:\/\/portovasconcellos.com\/","logo":{"@type":"ImageObject","inLanguage":"fr-FR","@id":"https:\/\/portovasconcellos.com\/#\/schema\/logo\/image\/","url":"https:\/\/portovasconcellos.com\/wp-content\/uploads\/2022\/02\/thumb.jpg","contentUrl":"https:\/\/portovasconcellos.com\/wp-content\/uploads\/2022\/02\/thumb.jpg","width":1200,"height":630,"caption":"Porto Vasconcellos"},"image":{"@id":"https:\/\/portovasconcellos.com\/#\/schema\/logo\/image\/"}}]}},"_links":{"self":[{"href":"https:\/\/portovasconcellos.com\/fr\/wp-json\/wp\/v2\/product\/906"}],"collection":[{"href":"https:\/\/portovasconcellos.com\/fr\/wp-json\/wp\/v2\/product"}],"about":[{"href":"https:\/\/portovasconcellos.com\/fr\/wp-json\/wp\/v2\/types\/product"}],"wp:featuredmedia":[{"embeddable":true,"href":"https:\/\/portovasconcellos.com\/fr\/wp-json\/wp\/v2\/media\/274"}],"wp:attachment":[{"href":"https:\/\/portovasconcellos.com\/fr\/wp-json\/wp\/v2\/media?parent=906"}],"wp:term":[{"taxonomy":"product_cat","embeddable":true,"href":"https:\/\/portovasconcellos.com\/fr\/wp-json\/wp\/v2\/product_cat?post=906"},{"taxonomy":"product_tag","embeddable":true,"href":"https:\/\/portovasconcellos.com\/fr\/wp-json\/wp\/v2\/product_tag?post=906"}],"curies":[{"name":"wp","href":"https:\/\/api.w.org\/{rel}","templated":true}]}}