{"id":900,"date":"2021-02-26T16:55:49","date_gmt":"2021-02-26T16:55:49","guid":{"rendered":"http:\/\/portovasconcellos.com\/product\/vasconcellos-30-years-old-tawny\/"},"modified":"2021-03-15T12:19:59","modified_gmt":"2021-03-15T12:19:59","slug":"vasconcellos-30-ans-tawny","status":"publish","type":"product","link":"https:\/\/portovasconcellos.com\/fr\/product\/vasconcellos-30-ans-tawny\/","title":{"rendered":"Vasconcellos 30 Ans Tawny"},"content":{"rendered":"<h4>Ce Porto 30 ans d\u2019\u00e2ge est construit \u00e0 partir d&rsquo;assemblages soigneusement s\u00e9lectionn\u00e9s pour leur haute qualit\u00e9 et vieillis en f\u00fbts de bois.<\/h4>\n<p>Il poss\u00e8de une couleur ambr\u00e9e intense, avec quelques nuances de dor\u00e9. Ar\u00f4mes de fruits secs, avec des notes exotiques de vanille et de miel, laissant un arri\u00e8re-go\u00fbt tr\u00e8s riche et savoureux.<\/p>\n<p>Le Porto Tawny 30 ans d&rsquo;\u00e2ge de Vasconcellos se marie tr\u00e8s bien avec du chocolat noir ou accompagn\u00e9 d\u2019un caf\u00e9, mais il peut aussi \u00eatre d\u00e9gust\u00e9 seul, comme dessert \u00e0 part enti\u00e8re.<\/p>\n","protected":false},"excerpt":{"rendered":"<p>Ce Porto 30 ans d\u2019\u00e2ge est construit \u00e0 partir d&rsquo;assemblages soigneusement s\u00e9lectionn\u00e9s pour leur haute qualit\u00e9 et vieillis en f\u00fbts de bois. Il poss\u00e8de une couleur ambr\u00e9e intense, avec quelques nuances de dor\u00e9. Ar\u00f4mes de fruits secs, avec des notes exotiques de vanille et de miel, laissant un arri\u00e8re-go\u00fbt tr\u00e8s riche et savoureux. Le Porto [&hellip;]<\/p>\n","protected":false},"featured_media":271,"template":"","meta":{"_monsterinsights_skip_tracking":false,"_monsterinsights_sitenote_active":false,"_monsterinsights_sitenote_note":"","_monsterinsights_sitenote_category":0},"product_cat":[30],"product_tag":[],"acf":[],"yoast_head":"<!-- This site is optimized with the Yoast SEO plugin v23.1 - https:\/\/yoast.com\/wordpress\/plugins\/seo\/ -->\n<title>Vasconcellos 30 Ans Tawny - Porto Vasconcellos<\/title>\n<meta name=\"robots\" content=\"index, follow, max-snippet:-1, max-image-preview:large, max-video-preview:-1\" \/>\n<link rel=\"canonical\" href=\"https:\/\/portovasconcellos.com\/product\/vasconcellos-30-years-old-tawny\/\" \/>\n<meta property=\"og:locale\" content=\"fr_FR\" \/>\n<meta property=\"og:type\" content=\"article\" \/>\n<meta property=\"og:title\" content=\"Vasconcellos 30 Ans Tawny - Porto Vasconcellos\" \/>\n<meta property=\"og:description\" content=\"Ce Porto 30 ans d\u2019\u00e2ge est construit \u00e0 partir d&rsquo;assemblages soigneusement s\u00e9lectionn\u00e9s pour leur haute qualit\u00e9 et vieillis en f\u00fbts de bois. Il poss\u00e8de une couleur ambr\u00e9e intense, avec quelques nuances de dor\u00e9. Ar\u00f4mes de fruits secs, avec des notes exotiques de vanille et de miel, laissant un arri\u00e8re-go\u00fbt tr\u00e8s riche et savoureux. Le Porto [&hellip;]\" \/>\n<meta property=\"og:url\" content=\"https:\/\/portovasconcellos.com\/product\/vasconcellos-30-years-old-tawny\/\" \/>\n<meta property=\"og:site_name\" content=\"Porto Vasconcellos\" \/>\n<meta property=\"article:modified_time\" content=\"2021-03-15T12:19:59+00:00\" \/>\n<meta property=\"og:image\" content=\"https:\/\/portovasconcellos.com\/wp-content\/uploads\/2021\/02\/30years.png\" \/>\n\t<meta property=\"og:image:width\" content=\"327\" \/>\n\t<meta property=\"og:image:height\" content=\"1200\" \/>\n\t<meta property=\"og:image:type\" content=\"image\/png\" \/>\n<meta name=\"twitter:card\" content=\"summary_large_image\" \/>\n<script type=\"application\/ld+json\" class=\"yoast-schema-graph\">{\"@context\":\"https:\/\/schema.org\",\"@graph\":[{\"@type\":\"WebPage\",\"@id\":\"https:\/\/portovasconcellos.com\/product\/vasconcellos-30-years-old-tawny\/\",\"url\":\"https:\/\/portovasconcellos.com\/product\/vasconcellos-30-years-old-tawny\/\",\"name\":\"Vasconcellos 30 Ans Tawny - Porto Vasconcellos\",\"isPartOf\":{\"@id\":\"https:\/\/portovasconcellos.com\/#website\"},\"primaryImageOfPage\":{\"@id\":\"https:\/\/portovasconcellos.com\/product\/vasconcellos-30-years-old-tawny\/#primaryimage\"},\"image\":{\"@id\":\"https:\/\/portovasconcellos.com\/product\/vasconcellos-30-years-old-tawny\/#primaryimage\"},\"thumbnailUrl\":\"https:\/\/portovasconcellos.com\/wp-content\/uploads\/2021\/02\/30years.png\",\"datePublished\":\"2021-02-26T16:55:49+00:00\",\"dateModified\":\"2021-03-15T12:19:59+00:00\",\"breadcrumb\":{\"@id\":\"https:\/\/portovasconcellos.com\/product\/vasconcellos-30-years-old-tawny\/#breadcrumb\"},\"inLanguage\":\"fr-FR\",\"potentialAction\":[{\"@type\":\"ReadAction\",\"target\":[\"https:\/\/portovasconcellos.com\/product\/vasconcellos-30-years-old-tawny\/\"]}]},{\"@type\":\"ImageObject\",\"inLanguage\":\"fr-FR\",\"@id\":\"https:\/\/portovasconcellos.com\/product\/vasconcellos-30-years-old-tawny\/#primaryimage\",\"url\":\"https:\/\/portovasconcellos.com\/wp-content\/uploads\/2021\/02\/30years.png\",\"contentUrl\":\"https:\/\/portovasconcellos.com\/wp-content\/uploads\/2021\/02\/30years.png\",\"width\":327,\"height\":1200,\"caption\":\"Porto Vasconcellos 30 Years Old Tawny\"},{\"@type\":\"BreadcrumbList\",\"@id\":\"https:\/\/portovasconcellos.com\/product\/vasconcellos-30-years-old-tawny\/#breadcrumb\",\"itemListElement\":[{\"@type\":\"ListItem\",\"position\":1,\"name\":\"Home\",\"item\":\"https:\/\/portovasconcellos.com\/fr\/\"},{\"@type\":\"ListItem\",\"position\":2,\"name\":\"Products\",\"item\":\"https:\/\/portovasconcellos.com\/shop\/\"},{\"@type\":\"ListItem\",\"position\":3,\"name\":\"Vasconcellos 30 Ans Tawny\"}]},{\"@type\":\"WebSite\",\"@id\":\"https:\/\/portovasconcellos.com\/#website\",\"url\":\"https:\/\/portovasconcellos.com\/\",\"name\":\"Porto Vasconcellos\",\"description\":\"\",\"publisher\":{\"@id\":\"https:\/\/portovasconcellos.com\/#organization\"},\"potentialAction\":[{\"@type\":\"SearchAction\",\"target\":{\"@type\":\"EntryPoint\",\"urlTemplate\":\"https:\/\/portovasconcellos.com\/?s={search_term_string}\"},\"query-input\":\"required name=search_term_string\"}],\"inLanguage\":\"fr-FR\"},{\"@type\":\"Organization\",\"@id\":\"https:\/\/portovasconcellos.com\/#organization\",\"name\":\"Porto Vasconcellos\",\"url\":\"https:\/\/portovasconcellos.com\/\",\"logo\":{\"@type\":\"ImageObject\",\"inLanguage\":\"fr-FR\",\"@id\":\"https:\/\/portovasconcellos.com\/#\/schema\/logo\/image\/\",\"url\":\"https:\/\/portovasconcellos.com\/wp-content\/uploads\/2022\/02\/thumb.jpg\",\"contentUrl\":\"https:\/\/portovasconcellos.com\/wp-content\/uploads\/2022\/02\/thumb.jpg\",\"width\":1200,\"height\":630,\"caption\":\"Porto Vasconcellos\"},\"image\":{\"@id\":\"https:\/\/portovasconcellos.com\/#\/schema\/logo\/image\/\"}}]}<\/script>\n<!-- \/ Yoast SEO plugin. -->","yoast_head_json":{"title":"Vasconcellos 30 Ans Tawny - Porto Vasconcellos","robots":{"index":"index","follow":"follow","max-snippet":"max-snippet:-1","max-image-preview":"max-image-preview:large","max-video-preview":"max-video-preview:-1"},"canonical":"https:\/\/portovasconcellos.com\/product\/vasconcellos-30-years-old-tawny\/","og_locale":"fr_FR","og_type":"article","og_title":"Vasconcellos 30 Ans Tawny - Porto Vasconcellos","og_description":"Ce Porto 30 ans d\u2019\u00e2ge est construit \u00e0 partir d&rsquo;assemblages soigneusement s\u00e9lectionn\u00e9s pour leur haute qualit\u00e9 et vieillis en f\u00fbts de bois. Il poss\u00e8de une couleur ambr\u00e9e intense, avec quelques nuances de dor\u00e9. Ar\u00f4mes de fruits secs, avec des notes exotiques de vanille et de miel, laissant un arri\u00e8re-go\u00fbt tr\u00e8s riche et savoureux. Le Porto [&hellip;]","og_url":"https:\/\/portovasconcellos.com\/product\/vasconcellos-30-years-old-tawny\/","og_site_name":"Porto Vasconcellos","article_modified_time":"2021-03-15T12:19:59+00:00","og_image":[{"width":327,"height":1200,"url":"https:\/\/portovasconcellos.com\/wp-content\/uploads\/2021\/02\/30years.png","type":"image\/png"}],"twitter_card":"summary_large_image","schema":{"@context":"https:\/\/schema.org","@graph":[{"@type":"WebPage","@id":"https:\/\/portovasconcellos.com\/product\/vasconcellos-30-years-old-tawny\/","url":"https:\/\/portovasconcellos.com\/product\/vasconcellos-30-years-old-tawny\/","name":"Vasconcellos 30 Ans Tawny - Porto Vasconcellos","isPartOf":{"@id":"https:\/\/portovasconcellos.com\/#website"},"primaryImageOfPage":{"@id":"https:\/\/portovasconcellos.com\/product\/vasconcellos-30-years-old-tawny\/#primaryimage"},"image":{"@id":"https:\/\/portovasconcellos.com\/product\/vasconcellos-30-years-old-tawny\/#primaryimage"},"thumbnailUrl":"https:\/\/portovasconcellos.com\/wp-content\/uploads\/2021\/02\/30years.png","datePublished":"2021-02-26T16:55:49+00:00","dateModified":"2021-03-15T12:19:59+00:00","breadcrumb":{"@id":"https:\/\/portovasconcellos.com\/product\/vasconcellos-30-years-old-tawny\/#breadcrumb"},"inLanguage":"fr-FR","potentialAction":[{"@type":"ReadAction","target":["https:\/\/portovasconcellos.com\/product\/vasconcellos-30-years-old-tawny\/"]}]},{"@type":"ImageObject","inLanguage":"fr-FR","@id":"https:\/\/portovasconcellos.com\/product\/vasconcellos-30-years-old-tawny\/#primaryimage","url":"https:\/\/portovasconcellos.com\/wp-content\/uploads\/2021\/02\/30years.png","contentUrl":"https:\/\/portovasconcellos.com\/wp-content\/uploads\/2021\/02\/30years.png","width":327,"height":1200,"caption":"Porto Vasconcellos 30 Years Old Tawny"},{"@type":"BreadcrumbList","@id":"https:\/\/portovasconcellos.com\/product\/vasconcellos-30-years-old-tawny\/#breadcrumb","itemListElement":[{"@type":"ListItem","position":1,"name":"Home","item":"https:\/\/portovasconcellos.com\/fr\/"},{"@type":"ListItem","position":2,"name":"Products","item":"https:\/\/portovasconcellos.com\/shop\/"},{"@type":"ListItem","position":3,"name":"Vasconcellos 30 Ans Tawny"}]},{"@type":"WebSite","@id":"https:\/\/portovasconcellos.com\/#website","url":"https:\/\/portovasconcellos.com\/","name":"Porto Vasconcellos","description":"","publisher":{"@id":"https:\/\/portovasconcellos.com\/#organization"},"potentialAction":[{"@type":"SearchAction","target":{"@type":"EntryPoint","urlTemplate":"https:\/\/portovasconcellos.com\/?s={search_term_string}"},"query-input":"required name=search_term_string"}],"inLanguage":"fr-FR"},{"@type":"Organization","@id":"https:\/\/portovasconcellos.com\/#organization","name":"Porto Vasconcellos","url":"https:\/\/portovasconcellos.com\/","logo":{"@type":"ImageObject","inLanguage":"fr-FR","@id":"https:\/\/portovasconcellos.com\/#\/schema\/logo\/image\/","url":"https:\/\/portovasconcellos.com\/wp-content\/uploads\/2022\/02\/thumb.jpg","contentUrl":"https:\/\/portovasconcellos.com\/wp-content\/uploads\/2022\/02\/thumb.jpg","width":1200,"height":630,"caption":"Porto Vasconcellos"},"image":{"@id":"https:\/\/portovasconcellos.com\/#\/schema\/logo\/image\/"}}]}},"_links":{"self":[{"href":"https:\/\/portovasconcellos.com\/fr\/wp-json\/wp\/v2\/product\/900"}],"collection":[{"href":"https:\/\/portovasconcellos.com\/fr\/wp-json\/wp\/v2\/product"}],"about":[{"href":"https:\/\/portovasconcellos.com\/fr\/wp-json\/wp\/v2\/types\/product"}],"wp:featuredmedia":[{"embeddable":true,"href":"https:\/\/portovasconcellos.com\/fr\/wp-json\/wp\/v2\/media\/271"}],"wp:attachment":[{"href":"https:\/\/portovasconcellos.com\/fr\/wp-json\/wp\/v2\/media?parent=900"}],"wp:term":[{"taxonomy":"product_cat","embeddable":true,"href":"https:\/\/portovasconcellos.com\/fr\/wp-json\/wp\/v2\/product_cat?post=900"},{"taxonomy":"product_tag","embeddable":true,"href":"https:\/\/portovasconcellos.com\/fr\/wp-json\/wp\/v2\/product_tag?post=900"}],"curies":[{"name":"wp","href":"https:\/\/api.w.org\/{rel}","templated":true}]}}