{"id":892,"date":"2021-02-26T16:53:36","date_gmt":"2021-02-26T16:53:36","guid":{"rendered":"http:\/\/portovasconcellos.com\/product\/vasconcellos-finest-reserve\/"},"modified":"2021-03-15T12:12:45","modified_gmt":"2021-03-15T12:12:45","slug":"vasconcellos-finest-reserve","status":"publish","type":"product","link":"https:\/\/portovasconcellos.com\/fr\/product\/vasconcellos-finest-reserve\/","title":{"rendered":"Vasconcellos Finest Reserve"},"content":{"rendered":"<h4> Notre Finest Reserve est le plus jeune de notre famille de Tawnys, il exprime la combinaison parfaite du fruit\u00e9 de sa jeunesse et de la maturit\u00e9 d&rsquo;environ 7 ans de vieillissement en moyenne. <\/h4>\n<p>Cette Reserve est moyennement sucr\u00e9e, avec des saveurs fruit\u00e9es tr\u00e8s \u00e9quilibr\u00e9es et un ar\u00f4me riche de prune m\u00fbre et de cerise, avec une note de chocolat. En bouche, il est souple et bien \u00e9quilibr\u00e9 avec des ar\u00f4mes persistants.<\/p>\n","protected":false},"excerpt":{"rendered":"<p>Notre Finest Reserve est le plus jeune de notre famille de Tawnys, il exprime la combinaison parfaite du fruit\u00e9 de sa jeunesse et de la maturit\u00e9 d&rsquo;environ 7 ans de vieillissement en moyenne. Cette Reserve est moyennement sucr\u00e9e, avec des saveurs fruit\u00e9es tr\u00e8s \u00e9quilibr\u00e9es et un ar\u00f4me riche de prune m\u00fbre et de cerise, avec [&hellip;]<\/p>\n","protected":false},"featured_media":281,"template":"","meta":{"_monsterinsights_skip_tracking":false,"_monsterinsights_sitenote_active":false,"_monsterinsights_sitenote_note":"","_monsterinsights_sitenote_category":0},"product_cat":[30],"product_tag":[],"acf":[],"yoast_head":"<!-- This site is optimized with the Yoast SEO plugin v23.1 - https:\/\/yoast.com\/wordpress\/plugins\/seo\/ -->\n<title>Vasconcellos Finest Reserve - Porto Vasconcellos<\/title>\n<meta name=\"robots\" content=\"index, follow, max-snippet:-1, max-image-preview:large, max-video-preview:-1\" \/>\n<link rel=\"canonical\" href=\"https:\/\/portovasconcellos.com\/product\/vasconcellos-finest-reserve\/\" \/>\n<meta property=\"og:locale\" content=\"fr_FR\" \/>\n<meta property=\"og:type\" content=\"article\" \/>\n<meta property=\"og:title\" content=\"Vasconcellos Finest Reserve - Porto Vasconcellos\" \/>\n<meta property=\"og:description\" content=\"Notre Finest Reserve est le plus jeune de notre famille de Tawnys, il exprime la combinaison parfaite du fruit\u00e9 de sa jeunesse et de la maturit\u00e9 d&rsquo;environ 7 ans de vieillissement en moyenne. Cette Reserve est moyennement sucr\u00e9e, avec des saveurs fruit\u00e9es tr\u00e8s \u00e9quilibr\u00e9es et un ar\u00f4me riche de prune m\u00fbre et de cerise, avec [&hellip;]\" \/>\n<meta property=\"og:url\" content=\"https:\/\/portovasconcellos.com\/product\/vasconcellos-finest-reserve\/\" \/>\n<meta property=\"og:site_name\" content=\"Porto Vasconcellos\" \/>\n<meta property=\"article:modified_time\" content=\"2021-03-15T12:12:45+00:00\" \/>\n<meta property=\"og:image\" content=\"https:\/\/portovasconcellos.com\/wp-content\/uploads\/2021\/02\/finest.png\" \/>\n\t<meta property=\"og:image:width\" content=\"327\" \/>\n\t<meta property=\"og:image:height\" content=\"1200\" \/>\n\t<meta property=\"og:image:type\" content=\"image\/png\" \/>\n<meta name=\"twitter:card\" content=\"summary_large_image\" \/>\n<script type=\"application\/ld+json\" class=\"yoast-schema-graph\">{\"@context\":\"https:\/\/schema.org\",\"@graph\":[{\"@type\":\"WebPage\",\"@id\":\"https:\/\/portovasconcellos.com\/product\/vasconcellos-finest-reserve\/\",\"url\":\"https:\/\/portovasconcellos.com\/product\/vasconcellos-finest-reserve\/\",\"name\":\"Vasconcellos Finest Reserve - Porto Vasconcellos\",\"isPartOf\":{\"@id\":\"https:\/\/portovasconcellos.com\/#website\"},\"primaryImageOfPage\":{\"@id\":\"https:\/\/portovasconcellos.com\/product\/vasconcellos-finest-reserve\/#primaryimage\"},\"image\":{\"@id\":\"https:\/\/portovasconcellos.com\/product\/vasconcellos-finest-reserve\/#primaryimage\"},\"thumbnailUrl\":\"https:\/\/portovasconcellos.com\/wp-content\/uploads\/2021\/02\/finest.png\",\"datePublished\":\"2021-02-26T16:53:36+00:00\",\"dateModified\":\"2021-03-15T12:12:45+00:00\",\"breadcrumb\":{\"@id\":\"https:\/\/portovasconcellos.com\/product\/vasconcellos-finest-reserve\/#breadcrumb\"},\"inLanguage\":\"fr-FR\",\"potentialAction\":[{\"@type\":\"ReadAction\",\"target\":[\"https:\/\/portovasconcellos.com\/product\/vasconcellos-finest-reserve\/\"]}]},{\"@type\":\"ImageObject\",\"inLanguage\":\"fr-FR\",\"@id\":\"https:\/\/portovasconcellos.com\/product\/vasconcellos-finest-reserve\/#primaryimage\",\"url\":\"https:\/\/portovasconcellos.com\/wp-content\/uploads\/2021\/02\/finest.png\",\"contentUrl\":\"https:\/\/portovasconcellos.com\/wp-content\/uploads\/2021\/02\/finest.png\",\"width\":327,\"height\":1200,\"caption\":\"Porto Vasconcellos Finest Reserve\"},{\"@type\":\"BreadcrumbList\",\"@id\":\"https:\/\/portovasconcellos.com\/product\/vasconcellos-finest-reserve\/#breadcrumb\",\"itemListElement\":[{\"@type\":\"ListItem\",\"position\":1,\"name\":\"Home\",\"item\":\"https:\/\/portovasconcellos.com\/fr\/\"},{\"@type\":\"ListItem\",\"position\":2,\"name\":\"Products\",\"item\":\"https:\/\/portovasconcellos.com\/shop\/\"},{\"@type\":\"ListItem\",\"position\":3,\"name\":\"Vasconcellos Finest Reserve\"}]},{\"@type\":\"WebSite\",\"@id\":\"https:\/\/portovasconcellos.com\/#website\",\"url\":\"https:\/\/portovasconcellos.com\/\",\"name\":\"Porto Vasconcellos\",\"description\":\"\",\"publisher\":{\"@id\":\"https:\/\/portovasconcellos.com\/#organization\"},\"potentialAction\":[{\"@type\":\"SearchAction\",\"target\":{\"@type\":\"EntryPoint\",\"urlTemplate\":\"https:\/\/portovasconcellos.com\/?s={search_term_string}\"},\"query-input\":\"required name=search_term_string\"}],\"inLanguage\":\"fr-FR\"},{\"@type\":\"Organization\",\"@id\":\"https:\/\/portovasconcellos.com\/#organization\",\"name\":\"Porto Vasconcellos\",\"url\":\"https:\/\/portovasconcellos.com\/\",\"logo\":{\"@type\":\"ImageObject\",\"inLanguage\":\"fr-FR\",\"@id\":\"https:\/\/portovasconcellos.com\/#\/schema\/logo\/image\/\",\"url\":\"https:\/\/portovasconcellos.com\/wp-content\/uploads\/2022\/02\/thumb.jpg\",\"contentUrl\":\"https:\/\/portovasconcellos.com\/wp-content\/uploads\/2022\/02\/thumb.jpg\",\"width\":1200,\"height\":630,\"caption\":\"Porto Vasconcellos\"},\"image\":{\"@id\":\"https:\/\/portovasconcellos.com\/#\/schema\/logo\/image\/\"}}]}<\/script>\n<!-- \/ Yoast SEO plugin. -->","yoast_head_json":{"title":"Vasconcellos Finest Reserve - Porto Vasconcellos","robots":{"index":"index","follow":"follow","max-snippet":"max-snippet:-1","max-image-preview":"max-image-preview:large","max-video-preview":"max-video-preview:-1"},"canonical":"https:\/\/portovasconcellos.com\/product\/vasconcellos-finest-reserve\/","og_locale":"fr_FR","og_type":"article","og_title":"Vasconcellos Finest Reserve - Porto Vasconcellos","og_description":"Notre Finest Reserve est le plus jeune de notre famille de Tawnys, il exprime la combinaison parfaite du fruit\u00e9 de sa jeunesse et de la maturit\u00e9 d&rsquo;environ 7 ans de vieillissement en moyenne. Cette Reserve est moyennement sucr\u00e9e, avec des saveurs fruit\u00e9es tr\u00e8s \u00e9quilibr\u00e9es et un ar\u00f4me riche de prune m\u00fbre et de cerise, avec [&hellip;]","og_url":"https:\/\/portovasconcellos.com\/product\/vasconcellos-finest-reserve\/","og_site_name":"Porto Vasconcellos","article_modified_time":"2021-03-15T12:12:45+00:00","og_image":[{"width":327,"height":1200,"url":"https:\/\/portovasconcellos.com\/wp-content\/uploads\/2021\/02\/finest.png","type":"image\/png"}],"twitter_card":"summary_large_image","schema":{"@context":"https:\/\/schema.org","@graph":[{"@type":"WebPage","@id":"https:\/\/portovasconcellos.com\/product\/vasconcellos-finest-reserve\/","url":"https:\/\/portovasconcellos.com\/product\/vasconcellos-finest-reserve\/","name":"Vasconcellos Finest Reserve - Porto Vasconcellos","isPartOf":{"@id":"https:\/\/portovasconcellos.com\/#website"},"primaryImageOfPage":{"@id":"https:\/\/portovasconcellos.com\/product\/vasconcellos-finest-reserve\/#primaryimage"},"image":{"@id":"https:\/\/portovasconcellos.com\/product\/vasconcellos-finest-reserve\/#primaryimage"},"thumbnailUrl":"https:\/\/portovasconcellos.com\/wp-content\/uploads\/2021\/02\/finest.png","datePublished":"2021-02-26T16:53:36+00:00","dateModified":"2021-03-15T12:12:45+00:00","breadcrumb":{"@id":"https:\/\/portovasconcellos.com\/product\/vasconcellos-finest-reserve\/#breadcrumb"},"inLanguage":"fr-FR","potentialAction":[{"@type":"ReadAction","target":["https:\/\/portovasconcellos.com\/product\/vasconcellos-finest-reserve\/"]}]},{"@type":"ImageObject","inLanguage":"fr-FR","@id":"https:\/\/portovasconcellos.com\/product\/vasconcellos-finest-reserve\/#primaryimage","url":"https:\/\/portovasconcellos.com\/wp-content\/uploads\/2021\/02\/finest.png","contentUrl":"https:\/\/portovasconcellos.com\/wp-content\/uploads\/2021\/02\/finest.png","width":327,"height":1200,"caption":"Porto Vasconcellos Finest Reserve"},{"@type":"BreadcrumbList","@id":"https:\/\/portovasconcellos.com\/product\/vasconcellos-finest-reserve\/#breadcrumb","itemListElement":[{"@type":"ListItem","position":1,"name":"Home","item":"https:\/\/portovasconcellos.com\/fr\/"},{"@type":"ListItem","position":2,"name":"Products","item":"https:\/\/portovasconcellos.com\/shop\/"},{"@type":"ListItem","position":3,"name":"Vasconcellos Finest Reserve"}]},{"@type":"WebSite","@id":"https:\/\/portovasconcellos.com\/#website","url":"https:\/\/portovasconcellos.com\/","name":"Porto Vasconcellos","description":"","publisher":{"@id":"https:\/\/portovasconcellos.com\/#organization"},"potentialAction":[{"@type":"SearchAction","target":{"@type":"EntryPoint","urlTemplate":"https:\/\/portovasconcellos.com\/?s={search_term_string}"},"query-input":"required name=search_term_string"}],"inLanguage":"fr-FR"},{"@type":"Organization","@id":"https:\/\/portovasconcellos.com\/#organization","name":"Porto Vasconcellos","url":"https:\/\/portovasconcellos.com\/","logo":{"@type":"ImageObject","inLanguage":"fr-FR","@id":"https:\/\/portovasconcellos.com\/#\/schema\/logo\/image\/","url":"https:\/\/portovasconcellos.com\/wp-content\/uploads\/2022\/02\/thumb.jpg","contentUrl":"https:\/\/portovasconcellos.com\/wp-content\/uploads\/2022\/02\/thumb.jpg","width":1200,"height":630,"caption":"Porto Vasconcellos"},"image":{"@id":"https:\/\/portovasconcellos.com\/#\/schema\/logo\/image\/"}}]}},"_links":{"self":[{"href":"https:\/\/portovasconcellos.com\/fr\/wp-json\/wp\/v2\/product\/892"}],"collection":[{"href":"https:\/\/portovasconcellos.com\/fr\/wp-json\/wp\/v2\/product"}],"about":[{"href":"https:\/\/portovasconcellos.com\/fr\/wp-json\/wp\/v2\/types\/product"}],"wp:featuredmedia":[{"embeddable":true,"href":"https:\/\/portovasconcellos.com\/fr\/wp-json\/wp\/v2\/media\/281"}],"wp:attachment":[{"href":"https:\/\/portovasconcellos.com\/fr\/wp-json\/wp\/v2\/media?parent=892"}],"wp:term":[{"taxonomy":"product_cat","embeddable":true,"href":"https:\/\/portovasconcellos.com\/fr\/wp-json\/wp\/v2\/product_cat?post=892"},{"taxonomy":"product_tag","embeddable":true,"href":"https:\/\/portovasconcellos.com\/fr\/wp-json\/wp\/v2\/product_tag?post=892"}],"curies":[{"name":"wp","href":"https:\/\/api.w.org\/{rel}","templated":true}]}}