{"id":875,"date":"2021-02-09T11:11:22","date_gmt":"2021-02-09T11:11:22","guid":{"rendered":"http:\/\/portovasconcellos.com\/product\/vasconcellos-10-years-old-tawny\/"},"modified":"2021-03-15T12:05:41","modified_gmt":"2021-03-15T12:05:41","slug":"vasconcellos-10-ans-tawny","status":"publish","type":"product","link":"https:\/\/portovasconcellos.com\/fr\/product\/vasconcellos-10-ans-tawny\/","title":{"rendered":"Vasconcellos 10 Ans Tawny"},"content":{"rendered":"<h4> Le Porto Tawny 10 ans d&rsquo;\u00e2ge est un superbe repr\u00e9sentant du porto tawny, \u00e9labor\u00e9 \u00e0 partir de vieux vins s\u00e9lectionn\u00e9s d&rsquo;une moyenne d&rsquo;\u00e2ge de plus de 10 ans. <\/h4>\n<p>C&rsquo;est au cours de la p\u00e9riode de maturation en f\u00fbts de ch\u00eane que la couleur pourpre fonc\u00e9e devient la teinte fauve (&lsquo;tawny&rsquo;) ambr\u00e9e dont ce porto tire son nom.<\/p>\n<p>Reconnu pour sa finesse, sa texture velout\u00e9e, ses notes de fruits m\u00fbr et de fruits secs.Tr\u00e8s bon en bouche, avec des nuances balsamiques et des saveurs cr\u00e9meuses. Ce tawny 10 ans d&rsquo;\u00e2ge est un excellent vin de dessert.<\/p>\n<p>Il s&rsquo;entend parfaitement avec un fromage, de la cr\u00e8me br\u00fbl\u00e9e ou une tarte aux fruits. Au plus chaud de l&rsquo;\u00e9t\u00e9, il doit \u00eatre servi tr\u00e8s l\u00e9g\u00e8rement frais.<\/p>\n","protected":false},"excerpt":{"rendered":"<p>Le Porto Tawny 10 ans d&rsquo;\u00e2ge est un superbe repr\u00e9sentant du porto tawny, \u00e9labor\u00e9 \u00e0 partir de vieux vins s\u00e9lectionn\u00e9s d&rsquo;une moyenne d&rsquo;\u00e2ge de plus de 10 ans. C&rsquo;est au cours de la p\u00e9riode de maturation en f\u00fbts de ch\u00eane que la couleur pourpre fonc\u00e9e devient la teinte fauve (&lsquo;tawny&rsquo;) ambr\u00e9e dont ce porto tire [&hellip;]<\/p>\n","protected":false},"featured_media":876,"template":"","meta":{"_monsterinsights_skip_tracking":false,"_monsterinsights_sitenote_active":false,"_monsterinsights_sitenote_note":"","_monsterinsights_sitenote_category":0},"product_cat":[30],"product_tag":[],"acf":[],"yoast_head":"<!-- This site is optimized with the Yoast SEO plugin v23.1 - https:\/\/yoast.com\/wordpress\/plugins\/seo\/ -->\n<title>Vasconcellos 10 Ans Tawny - Porto Vasconcellos<\/title>\n<meta name=\"robots\" content=\"index, follow, max-snippet:-1, max-image-preview:large, max-video-preview:-1\" \/>\n<link rel=\"canonical\" href=\"https:\/\/portovasconcellos.com\/product\/vasconcellos-10-years-old-tawny\/\" \/>\n<meta property=\"og:locale\" content=\"fr_FR\" \/>\n<meta property=\"og:type\" content=\"article\" \/>\n<meta property=\"og:title\" content=\"Vasconcellos 10 Ans Tawny - Porto Vasconcellos\" \/>\n<meta property=\"og:description\" content=\"Le Porto Tawny 10 ans d&rsquo;\u00e2ge est un superbe repr\u00e9sentant du porto tawny, \u00e9labor\u00e9 \u00e0 partir de vieux vins s\u00e9lectionn\u00e9s d&rsquo;une moyenne d&rsquo;\u00e2ge de plus de 10 ans. C&rsquo;est au cours de la p\u00e9riode de maturation en f\u00fbts de ch\u00eane que la couleur pourpre fonc\u00e9e devient la teinte fauve (&lsquo;tawny&rsquo;) ambr\u00e9e dont ce porto tire [&hellip;]\" \/>\n<meta property=\"og:url\" content=\"https:\/\/portovasconcellos.com\/product\/vasconcellos-10-years-old-tawny\/\" \/>\n<meta property=\"og:site_name\" content=\"Porto Vasconcellos\" \/>\n<meta property=\"article:modified_time\" content=\"2021-03-15T12:05:41+00:00\" \/>\n<meta property=\"og:image\" content=\"https:\/\/portovasconcellos.com\/wp-content\/uploads\/2021\/02\/10-years-tawny.png\" \/>\n\t<meta property=\"og:image:width\" content=\"327\" \/>\n\t<meta property=\"og:image:height\" content=\"1200\" \/>\n\t<meta property=\"og:image:type\" content=\"image\/png\" \/>\n<meta name=\"twitter:card\" content=\"summary_large_image\" \/>\n<meta name=\"twitter:label1\" content=\"Dur\u00e9e de lecture estim\u00e9e\" \/>\n\t<meta name=\"twitter:data1\" content=\"1 minute\" \/>\n<script type=\"application\/ld+json\" class=\"yoast-schema-graph\">{\"@context\":\"https:\/\/schema.org\",\"@graph\":[{\"@type\":\"WebPage\",\"@id\":\"https:\/\/portovasconcellos.com\/product\/vasconcellos-10-years-old-tawny\/\",\"url\":\"https:\/\/portovasconcellos.com\/product\/vasconcellos-10-years-old-tawny\/\",\"name\":\"Vasconcellos 10 Ans Tawny - Porto Vasconcellos\",\"isPartOf\":{\"@id\":\"https:\/\/portovasconcellos.com\/#website\"},\"primaryImageOfPage\":{\"@id\":\"https:\/\/portovasconcellos.com\/product\/vasconcellos-10-years-old-tawny\/#primaryimage\"},\"image\":{\"@id\":\"https:\/\/portovasconcellos.com\/product\/vasconcellos-10-years-old-tawny\/#primaryimage\"},\"thumbnailUrl\":\"https:\/\/portovasconcellos.com\/wp-content\/uploads\/2021\/02\/10-years-tawny.png\",\"datePublished\":\"2021-02-09T11:11:22+00:00\",\"dateModified\":\"2021-03-15T12:05:41+00:00\",\"breadcrumb\":{\"@id\":\"https:\/\/portovasconcellos.com\/product\/vasconcellos-10-years-old-tawny\/#breadcrumb\"},\"inLanguage\":\"fr-FR\",\"potentialAction\":[{\"@type\":\"ReadAction\",\"target\":[\"https:\/\/portovasconcellos.com\/product\/vasconcellos-10-years-old-tawny\/\"]}]},{\"@type\":\"ImageObject\",\"inLanguage\":\"fr-FR\",\"@id\":\"https:\/\/portovasconcellos.com\/product\/vasconcellos-10-years-old-tawny\/#primaryimage\",\"url\":\"https:\/\/portovasconcellos.com\/wp-content\/uploads\/2021\/02\/10-years-tawny.png\",\"contentUrl\":\"https:\/\/portovasconcellos.com\/wp-content\/uploads\/2021\/02\/10-years-tawny.png\",\"width\":327,\"height\":1200},{\"@type\":\"BreadcrumbList\",\"@id\":\"https:\/\/portovasconcellos.com\/product\/vasconcellos-10-years-old-tawny\/#breadcrumb\",\"itemListElement\":[{\"@type\":\"ListItem\",\"position\":1,\"name\":\"Home\",\"item\":\"https:\/\/portovasconcellos.com\/fr\/\"},{\"@type\":\"ListItem\",\"position\":2,\"name\":\"Products\",\"item\":\"https:\/\/portovasconcellos.com\/shop\/\"},{\"@type\":\"ListItem\",\"position\":3,\"name\":\"Vasconcellos 10 Ans Tawny\"}]},{\"@type\":\"WebSite\",\"@id\":\"https:\/\/portovasconcellos.com\/#website\",\"url\":\"https:\/\/portovasconcellos.com\/\",\"name\":\"Porto Vasconcellos\",\"description\":\"\",\"publisher\":{\"@id\":\"https:\/\/portovasconcellos.com\/#organization\"},\"potentialAction\":[{\"@type\":\"SearchAction\",\"target\":{\"@type\":\"EntryPoint\",\"urlTemplate\":\"https:\/\/portovasconcellos.com\/?s={search_term_string}\"},\"query-input\":\"required name=search_term_string\"}],\"inLanguage\":\"fr-FR\"},{\"@type\":\"Organization\",\"@id\":\"https:\/\/portovasconcellos.com\/#organization\",\"name\":\"Porto Vasconcellos\",\"url\":\"https:\/\/portovasconcellos.com\/\",\"logo\":{\"@type\":\"ImageObject\",\"inLanguage\":\"fr-FR\",\"@id\":\"https:\/\/portovasconcellos.com\/#\/schema\/logo\/image\/\",\"url\":\"https:\/\/portovasconcellos.com\/wp-content\/uploads\/2022\/02\/thumb.jpg\",\"contentUrl\":\"https:\/\/portovasconcellos.com\/wp-content\/uploads\/2022\/02\/thumb.jpg\",\"width\":1200,\"height\":630,\"caption\":\"Porto Vasconcellos\"},\"image\":{\"@id\":\"https:\/\/portovasconcellos.com\/#\/schema\/logo\/image\/\"}}]}<\/script>\n<!-- \/ Yoast SEO plugin. -->","yoast_head_json":{"title":"Vasconcellos 10 Ans Tawny - Porto Vasconcellos","robots":{"index":"index","follow":"follow","max-snippet":"max-snippet:-1","max-image-preview":"max-image-preview:large","max-video-preview":"max-video-preview:-1"},"canonical":"https:\/\/portovasconcellos.com\/product\/vasconcellos-10-years-old-tawny\/","og_locale":"fr_FR","og_type":"article","og_title":"Vasconcellos 10 Ans Tawny - Porto Vasconcellos","og_description":"Le Porto Tawny 10 ans d&rsquo;\u00e2ge est un superbe repr\u00e9sentant du porto tawny, \u00e9labor\u00e9 \u00e0 partir de vieux vins s\u00e9lectionn\u00e9s d&rsquo;une moyenne d&rsquo;\u00e2ge de plus de 10 ans. C&rsquo;est au cours de la p\u00e9riode de maturation en f\u00fbts de ch\u00eane que la couleur pourpre fonc\u00e9e devient la teinte fauve (&lsquo;tawny&rsquo;) ambr\u00e9e dont ce porto tire [&hellip;]","og_url":"https:\/\/portovasconcellos.com\/product\/vasconcellos-10-years-old-tawny\/","og_site_name":"Porto Vasconcellos","article_modified_time":"2021-03-15T12:05:41+00:00","og_image":[{"width":327,"height":1200,"url":"https:\/\/portovasconcellos.com\/wp-content\/uploads\/2021\/02\/10-years-tawny.png","type":"image\/png"}],"twitter_card":"summary_large_image","twitter_misc":{"Dur\u00e9e de lecture estim\u00e9e":"1 minute"},"schema":{"@context":"https:\/\/schema.org","@graph":[{"@type":"WebPage","@id":"https:\/\/portovasconcellos.com\/product\/vasconcellos-10-years-old-tawny\/","url":"https:\/\/portovasconcellos.com\/product\/vasconcellos-10-years-old-tawny\/","name":"Vasconcellos 10 Ans Tawny - Porto Vasconcellos","isPartOf":{"@id":"https:\/\/portovasconcellos.com\/#website"},"primaryImageOfPage":{"@id":"https:\/\/portovasconcellos.com\/product\/vasconcellos-10-years-old-tawny\/#primaryimage"},"image":{"@id":"https:\/\/portovasconcellos.com\/product\/vasconcellos-10-years-old-tawny\/#primaryimage"},"thumbnailUrl":"https:\/\/portovasconcellos.com\/wp-content\/uploads\/2021\/02\/10-years-tawny.png","datePublished":"2021-02-09T11:11:22+00:00","dateModified":"2021-03-15T12:05:41+00:00","breadcrumb":{"@id":"https:\/\/portovasconcellos.com\/product\/vasconcellos-10-years-old-tawny\/#breadcrumb"},"inLanguage":"fr-FR","potentialAction":[{"@type":"ReadAction","target":["https:\/\/portovasconcellos.com\/product\/vasconcellos-10-years-old-tawny\/"]}]},{"@type":"ImageObject","inLanguage":"fr-FR","@id":"https:\/\/portovasconcellos.com\/product\/vasconcellos-10-years-old-tawny\/#primaryimage","url":"https:\/\/portovasconcellos.com\/wp-content\/uploads\/2021\/02\/10-years-tawny.png","contentUrl":"https:\/\/portovasconcellos.com\/wp-content\/uploads\/2021\/02\/10-years-tawny.png","width":327,"height":1200},{"@type":"BreadcrumbList","@id":"https:\/\/portovasconcellos.com\/product\/vasconcellos-10-years-old-tawny\/#breadcrumb","itemListElement":[{"@type":"ListItem","position":1,"name":"Home","item":"https:\/\/portovasconcellos.com\/fr\/"},{"@type":"ListItem","position":2,"name":"Products","item":"https:\/\/portovasconcellos.com\/shop\/"},{"@type":"ListItem","position":3,"name":"Vasconcellos 10 Ans Tawny"}]},{"@type":"WebSite","@id":"https:\/\/portovasconcellos.com\/#website","url":"https:\/\/portovasconcellos.com\/","name":"Porto Vasconcellos","description":"","publisher":{"@id":"https:\/\/portovasconcellos.com\/#organization"},"potentialAction":[{"@type":"SearchAction","target":{"@type":"EntryPoint","urlTemplate":"https:\/\/portovasconcellos.com\/?s={search_term_string}"},"query-input":"required name=search_term_string"}],"inLanguage":"fr-FR"},{"@type":"Organization","@id":"https:\/\/portovasconcellos.com\/#organization","name":"Porto Vasconcellos","url":"https:\/\/portovasconcellos.com\/","logo":{"@type":"ImageObject","inLanguage":"fr-FR","@id":"https:\/\/portovasconcellos.com\/#\/schema\/logo\/image\/","url":"https:\/\/portovasconcellos.com\/wp-content\/uploads\/2022\/02\/thumb.jpg","contentUrl":"https:\/\/portovasconcellos.com\/wp-content\/uploads\/2022\/02\/thumb.jpg","width":1200,"height":630,"caption":"Porto Vasconcellos"},"image":{"@id":"https:\/\/portovasconcellos.com\/#\/schema\/logo\/image\/"}}]}},"_links":{"self":[{"href":"https:\/\/portovasconcellos.com\/fr\/wp-json\/wp\/v2\/product\/875"}],"collection":[{"href":"https:\/\/portovasconcellos.com\/fr\/wp-json\/wp\/v2\/product"}],"about":[{"href":"https:\/\/portovasconcellos.com\/fr\/wp-json\/wp\/v2\/types\/product"}],"wp:featuredmedia":[{"embeddable":true,"href":"https:\/\/portovasconcellos.com\/fr\/wp-json\/wp\/v2\/media\/876"}],"wp:attachment":[{"href":"https:\/\/portovasconcellos.com\/fr\/wp-json\/wp\/v2\/media?parent=875"}],"wp:term":[{"taxonomy":"product_cat","embeddable":true,"href":"https:\/\/portovasconcellos.com\/fr\/wp-json\/wp\/v2\/product_cat?post=875"},{"taxonomy":"product_tag","embeddable":true,"href":"https:\/\/portovasconcellos.com\/fr\/wp-json\/wp\/v2\/product_tag?post=875"}],"curies":[{"name":"wp","href":"https:\/\/api.w.org\/{rel}","templated":true}]}}