{"id":1263,"date":"2024-04-09T10:16:39","date_gmt":"2024-04-09T09:16:40","guid":{"rendered":"https:\/\/portovasconcellos.com\/?post_type=product&#038;p=1263"},"modified":"2024-04-09T10:47:22","modified_gmt":"2024-04-09T09:47:22","slug":"port-vvop","status":"publish","type":"product","link":"https:\/\/portovasconcellos.com\/fr\/product\/port-vvop\/","title":{"rendered":"V.V.O.P. &#8211; Port de Plus de 80 Ans"},"content":{"rendered":"<h4>Si le Porto \u00e9tait un nectar, notre \u00ab Very Very Old Port \u00bb, de plus de 80 ans, reconnu par l&rsquo;IVDP comme d&rsquo;une \u00ab\u00a0qualit\u00e9 exceptionnelle\u00a0\u00bb, en serait l&rsquo;illustration, gr\u00e2ce au savoir-faire et \u00e0 la patience.<\/h4>\n<p>De sa magnifique couleur cuivr\u00e9e \u00e0 ses saveurs g\u00e9n\u00e9reuses telles que le caramel, les \u00e9pices douces, les figues s\u00e9ch\u00e9es, les noix et la vanille, laissez-vous tenter par ce m\u00e9lange d\u00e9licat qui perdurera non seulement en finale mais dans votre esprit.<\/p>\n<p>&nbsp;<\/p>\n<div style=\"display: flex;flex-direction:column;gap:1rem;\"><video controls=\"controls\" width=\"100%\" height=\"auto\"><source src=\"https:\/\/www.christiewines.com\/videos\/port-vvop.mp4?v=s\" type=\"video\/mp4\" \/><\/video><iframe loading=\"lazy\" style=\"border: none; width: 100%; height: auto; aspect-ratio:9 \/ 16; position: relative;\" src=\"https:\/\/www.christiewines.com\/download\/vvop-flyer.pdf#toolbar=0&#038;navpanes=0&#038;scrollbar=0&#038;statusbar=0&#038;messages=0&#038;scrollbar=0\" width=\"100%\" height=\"100%\"><\/iframe><a class=\"btn\" href=\"https:\/\/christiewines.com\/download\/vvop-flyer.pdf\" target=\"_blank\" rel=\"noopener\">Download<\/a><\/div>\n","protected":false},"excerpt":{"rendered":"<p>Si le Porto \u00e9tait un nectar, notre \u00ab Very Very Old Port \u00bb, de plus de 80 ans, reconnu par l&rsquo;IVDP comme d&rsquo;une \u00ab\u00a0qualit\u00e9 exceptionnelle\u00a0\u00bb, en serait l&rsquo;illustration, gr\u00e2ce au savoir-faire et \u00e0 la patience. De sa magnifique couleur cuivr\u00e9e \u00e0 ses saveurs g\u00e9n\u00e9reuses telles que le caramel, les \u00e9pices douces, les figues s\u00e9ch\u00e9es, les [&hellip;]<\/p>\n","protected":false},"featured_media":1266,"template":"","meta":{"_monsterinsights_skip_tracking":false,"_monsterinsights_sitenote_active":false,"_monsterinsights_sitenote_note":"","_monsterinsights_sitenote_category":0},"product_cat":[30],"product_tag":[],"acf":[],"yoast_head":"<!-- This site is optimized with the Yoast SEO plugin v23.1 - https:\/\/yoast.com\/wordpress\/plugins\/seo\/ -->\n<title>V.V.O.P. - Port de Plus de 80 Ans - Porto Vasconcellos<\/title>\n<meta name=\"robots\" content=\"index, follow, max-snippet:-1, max-image-preview:large, max-video-preview:-1\" \/>\n<link rel=\"canonical\" href=\"https:\/\/portovasconcellos.com\/product\/port-vvop\/\" \/>\n<meta property=\"og:locale\" content=\"fr_FR\" \/>\n<meta property=\"og:type\" content=\"article\" \/>\n<meta property=\"og:title\" content=\"V.V.O.P. - Port de Plus de 80 Ans - Porto Vasconcellos\" \/>\n<meta property=\"og:description\" content=\"Si le Porto \u00e9tait un nectar, notre \u00ab Very Very Old Port \u00bb, de plus de 80 ans, reconnu par l&rsquo;IVDP comme d&rsquo;une \u00ab\u00a0qualit\u00e9 exceptionnelle\u00a0\u00bb, en serait l&rsquo;illustration, gr\u00e2ce au savoir-faire et \u00e0 la patience. De sa magnifique couleur cuivr\u00e9e \u00e0 ses saveurs g\u00e9n\u00e9reuses telles que le caramel, les \u00e9pices douces, les figues s\u00e9ch\u00e9es, les [&hellip;]\" \/>\n<meta property=\"og:url\" content=\"https:\/\/portovasconcellos.com\/product\/port-vvop\/\" \/>\n<meta property=\"og:site_name\" content=\"Porto Vasconcellos\" \/>\n<meta property=\"article:modified_time\" content=\"2024-04-09T09:47:22+00:00\" \/>\n<meta property=\"og:image\" content=\"https:\/\/portovasconcellos.com\/wp-content\/uploads\/2024\/04\/port-vvop.png\" \/>\n\t<meta property=\"og:image:width\" content=\"1200\" \/>\n\t<meta property=\"og:image:height\" content=\"1800\" \/>\n\t<meta property=\"og:image:type\" content=\"image\/png\" \/>\n<meta name=\"twitter:card\" content=\"summary_large_image\" \/>\n<script type=\"application\/ld+json\" class=\"yoast-schema-graph\">{\"@context\":\"https:\/\/schema.org\",\"@graph\":[{\"@type\":\"WebPage\",\"@id\":\"https:\/\/portovasconcellos.com\/product\/port-vvop\/\",\"url\":\"https:\/\/portovasconcellos.com\/product\/port-vvop\/\",\"name\":\"V.V.O.P. - Port de Plus de 80 Ans - Porto Vasconcellos\",\"isPartOf\":{\"@id\":\"https:\/\/portovasconcellos.com\/#website\"},\"primaryImageOfPage\":{\"@id\":\"https:\/\/portovasconcellos.com\/product\/port-vvop\/#primaryimage\"},\"image\":{\"@id\":\"https:\/\/portovasconcellos.com\/product\/port-vvop\/#primaryimage\"},\"thumbnailUrl\":\"https:\/\/portovasconcellos.com\/wp-content\/uploads\/2024\/04\/port-vvop.png\",\"datePublished\":\"2024-04-09T09:16:40+00:00\",\"dateModified\":\"2024-04-09T09:47:22+00:00\",\"breadcrumb\":{\"@id\":\"https:\/\/portovasconcellos.com\/product\/port-vvop\/#breadcrumb\"},\"inLanguage\":\"fr-FR\",\"potentialAction\":[{\"@type\":\"ReadAction\",\"target\":[\"https:\/\/portovasconcellos.com\/product\/port-vvop\/\"]}]},{\"@type\":\"ImageObject\",\"inLanguage\":\"fr-FR\",\"@id\":\"https:\/\/portovasconcellos.com\/product\/port-vvop\/#primaryimage\",\"url\":\"https:\/\/portovasconcellos.com\/wp-content\/uploads\/2024\/04\/port-vvop.png\",\"contentUrl\":\"https:\/\/portovasconcellos.com\/wp-content\/uploads\/2024\/04\/port-vvop.png\",\"width\":1200,\"height\":1800},{\"@type\":\"BreadcrumbList\",\"@id\":\"https:\/\/portovasconcellos.com\/product\/port-vvop\/#breadcrumb\",\"itemListElement\":[{\"@type\":\"ListItem\",\"position\":1,\"name\":\"Home\",\"item\":\"https:\/\/portovasconcellos.com\/fr\/\"},{\"@type\":\"ListItem\",\"position\":2,\"name\":\"Products\",\"item\":\"https:\/\/portovasconcellos.com\/shop\/\"},{\"@type\":\"ListItem\",\"position\":3,\"name\":\"V.V.O.P. &#8211; Port de Plus de 80 Ans\"}]},{\"@type\":\"WebSite\",\"@id\":\"https:\/\/portovasconcellos.com\/#website\",\"url\":\"https:\/\/portovasconcellos.com\/\",\"name\":\"Porto Vasconcellos\",\"description\":\"\",\"publisher\":{\"@id\":\"https:\/\/portovasconcellos.com\/#organization\"},\"potentialAction\":[{\"@type\":\"SearchAction\",\"target\":{\"@type\":\"EntryPoint\",\"urlTemplate\":\"https:\/\/portovasconcellos.com\/?s={search_term_string}\"},\"query-input\":\"required name=search_term_string\"}],\"inLanguage\":\"fr-FR\"},{\"@type\":\"Organization\",\"@id\":\"https:\/\/portovasconcellos.com\/#organization\",\"name\":\"Porto Vasconcellos\",\"url\":\"https:\/\/portovasconcellos.com\/\",\"logo\":{\"@type\":\"ImageObject\",\"inLanguage\":\"fr-FR\",\"@id\":\"https:\/\/portovasconcellos.com\/#\/schema\/logo\/image\/\",\"url\":\"https:\/\/portovasconcellos.com\/wp-content\/uploads\/2022\/02\/thumb.jpg\",\"contentUrl\":\"https:\/\/portovasconcellos.com\/wp-content\/uploads\/2022\/02\/thumb.jpg\",\"width\":1200,\"height\":630,\"caption\":\"Porto Vasconcellos\"},\"image\":{\"@id\":\"https:\/\/portovasconcellos.com\/#\/schema\/logo\/image\/\"}}]}<\/script>\n<!-- \/ Yoast SEO plugin. -->","yoast_head_json":{"title":"V.V.O.P. - Port de Plus de 80 Ans - Porto Vasconcellos","robots":{"index":"index","follow":"follow","max-snippet":"max-snippet:-1","max-image-preview":"max-image-preview:large","max-video-preview":"max-video-preview:-1"},"canonical":"https:\/\/portovasconcellos.com\/product\/port-vvop\/","og_locale":"fr_FR","og_type":"article","og_title":"V.V.O.P. - Port de Plus de 80 Ans - Porto Vasconcellos","og_description":"Si le Porto \u00e9tait un nectar, notre \u00ab Very Very Old Port \u00bb, de plus de 80 ans, reconnu par l&rsquo;IVDP comme d&rsquo;une \u00ab\u00a0qualit\u00e9 exceptionnelle\u00a0\u00bb, en serait l&rsquo;illustration, gr\u00e2ce au savoir-faire et \u00e0 la patience. De sa magnifique couleur cuivr\u00e9e \u00e0 ses saveurs g\u00e9n\u00e9reuses telles que le caramel, les \u00e9pices douces, les figues s\u00e9ch\u00e9es, les [&hellip;]","og_url":"https:\/\/portovasconcellos.com\/product\/port-vvop\/","og_site_name":"Porto Vasconcellos","article_modified_time":"2024-04-09T09:47:22+00:00","og_image":[{"width":1200,"height":1800,"url":"https:\/\/portovasconcellos.com\/wp-content\/uploads\/2024\/04\/port-vvop.png","type":"image\/png"}],"twitter_card":"summary_large_image","schema":{"@context":"https:\/\/schema.org","@graph":[{"@type":"WebPage","@id":"https:\/\/portovasconcellos.com\/product\/port-vvop\/","url":"https:\/\/portovasconcellos.com\/product\/port-vvop\/","name":"V.V.O.P. - Port de Plus de 80 Ans - Porto Vasconcellos","isPartOf":{"@id":"https:\/\/portovasconcellos.com\/#website"},"primaryImageOfPage":{"@id":"https:\/\/portovasconcellos.com\/product\/port-vvop\/#primaryimage"},"image":{"@id":"https:\/\/portovasconcellos.com\/product\/port-vvop\/#primaryimage"},"thumbnailUrl":"https:\/\/portovasconcellos.com\/wp-content\/uploads\/2024\/04\/port-vvop.png","datePublished":"2024-04-09T09:16:40+00:00","dateModified":"2024-04-09T09:47:22+00:00","breadcrumb":{"@id":"https:\/\/portovasconcellos.com\/product\/port-vvop\/#breadcrumb"},"inLanguage":"fr-FR","potentialAction":[{"@type":"ReadAction","target":["https:\/\/portovasconcellos.com\/product\/port-vvop\/"]}]},{"@type":"ImageObject","inLanguage":"fr-FR","@id":"https:\/\/portovasconcellos.com\/product\/port-vvop\/#primaryimage","url":"https:\/\/portovasconcellos.com\/wp-content\/uploads\/2024\/04\/port-vvop.png","contentUrl":"https:\/\/portovasconcellos.com\/wp-content\/uploads\/2024\/04\/port-vvop.png","width":1200,"height":1800},{"@type":"BreadcrumbList","@id":"https:\/\/portovasconcellos.com\/product\/port-vvop\/#breadcrumb","itemListElement":[{"@type":"ListItem","position":1,"name":"Home","item":"https:\/\/portovasconcellos.com\/fr\/"},{"@type":"ListItem","position":2,"name":"Products","item":"https:\/\/portovasconcellos.com\/shop\/"},{"@type":"ListItem","position":3,"name":"V.V.O.P. &#8211; Port de Plus de 80 Ans"}]},{"@type":"WebSite","@id":"https:\/\/portovasconcellos.com\/#website","url":"https:\/\/portovasconcellos.com\/","name":"Porto Vasconcellos","description":"","publisher":{"@id":"https:\/\/portovasconcellos.com\/#organization"},"potentialAction":[{"@type":"SearchAction","target":{"@type":"EntryPoint","urlTemplate":"https:\/\/portovasconcellos.com\/?s={search_term_string}"},"query-input":"required name=search_term_string"}],"inLanguage":"fr-FR"},{"@type":"Organization","@id":"https:\/\/portovasconcellos.com\/#organization","name":"Porto Vasconcellos","url":"https:\/\/portovasconcellos.com\/","logo":{"@type":"ImageObject","inLanguage":"fr-FR","@id":"https:\/\/portovasconcellos.com\/#\/schema\/logo\/image\/","url":"https:\/\/portovasconcellos.com\/wp-content\/uploads\/2022\/02\/thumb.jpg","contentUrl":"https:\/\/portovasconcellos.com\/wp-content\/uploads\/2022\/02\/thumb.jpg","width":1200,"height":630,"caption":"Porto Vasconcellos"},"image":{"@id":"https:\/\/portovasconcellos.com\/#\/schema\/logo\/image\/"}}]}},"_links":{"self":[{"href":"https:\/\/portovasconcellos.com\/fr\/wp-json\/wp\/v2\/product\/1263"}],"collection":[{"href":"https:\/\/portovasconcellos.com\/fr\/wp-json\/wp\/v2\/product"}],"about":[{"href":"https:\/\/portovasconcellos.com\/fr\/wp-json\/wp\/v2\/types\/product"}],"wp:featuredmedia":[{"embeddable":true,"href":"https:\/\/portovasconcellos.com\/fr\/wp-json\/wp\/v2\/media\/1266"}],"wp:attachment":[{"href":"https:\/\/portovasconcellos.com\/fr\/wp-json\/wp\/v2\/media?parent=1263"}],"wp:term":[{"taxonomy":"product_cat","embeddable":true,"href":"https:\/\/portovasconcellos.com\/fr\/wp-json\/wp\/v2\/product_cat?post=1263"},{"taxonomy":"product_tag","embeddable":true,"href":"https:\/\/portovasconcellos.com\/fr\/wp-json\/wp\/v2\/product_tag?post=1263"}],"curies":[{"name":"wp","href":"https:\/\/api.w.org\/{rel}","templated":true}]}}