{"id":1257,"date":"2024-04-08T23:31:32","date_gmt":"2024-04-08T22:31:32","guid":{"rendered":"https:\/\/portovasconcellos.com\/?post_type=product&#038;p=1257"},"modified":"2024-04-08T23:36:23","modified_gmt":"2024-04-08T22:36:23","slug":"port-wine-premium-pack","status":"publish","type":"product","link":"https:\/\/portovasconcellos.com\/fr\/product\/port-wine-premium-pack\/","title":{"rendered":"Port Wine Premium Pack"},"content":{"rendered":"<h4>20 ans tawny<\/h4>\n<p>Ce Tawny de 20 ans, avec sa couleur ambr\u00e9e intense, provient de m\u00e9langes soigneusement s\u00e9lectionn\u00e9s, m\u00fbris en f\u00fbt de bois. Sa structure et ses ar\u00f4mes de fruits rouges m\u00fbrs, de fruits secs et son soup\u00e7on de vanille nous offrent un nez s\u00e9duisant et une texture moelleuse qui perdurent bien. Entour\u00e9 par la complexit\u00e9 du bois, vous pouvez soit d\u00e9guster ce dernier avec des desserts (g\u00e2teaux aux fruits) ou l\u00e9g\u00e8rement frais en ap\u00e9ritif.<\/p>\n<h4>30 ans tawny<\/h4>\n<p>La couleur ambr\u00e9e illustre la puissance trouv\u00e9e au nez et en bouche, gr\u00e2ce \u00e0 la s\u00e9lection d&rsquo;assemblage de haute qualit\u00e9. R\u00e9v\u00e9lant des ar\u00f4mes d\u00e9licats de caramel, de fruits secs, de miel, combin\u00e9s avec des noix. Sa bouche moelleuse et soyeuse restera longtemps en arri\u00e8re-go\u00fbt. Ce magnifique Tawny de 30 ans \u00e0 marier avec du chocolat noir ou du caf\u00e9, peut \u00e9galement \u00eatre appr\u00e9ci\u00e9 tel quel.<\/p>\n<h4>40 ans tawny<\/h4>\n<p>Issu des meilleurs c\u00e9pages choisis avec soin, ce Porto riche et cors\u00e9 souligne la finesse et la complexit\u00e9, la structure et la douceur. Avec sa couleur vibrante, la puissance de ses ar\u00f4mes tels que le caramel, les noix compl\u00e9t\u00e9s par des notes de miel et de vanille r\u00e9v\u00e8lent une harmonie \u00e9l\u00e9gante. Ce Tawny de 40 ans est destin\u00e9 \u00e0 \u00eatre appr\u00e9ci\u00e9 tel quel avec votre cercle le plus proche.<\/p>\n<h4>50 ans tawny<\/h4>\n<p>Imaginez laisser vieillir un Porto pendant un demi-si\u00e8cle en f\u00fbts de ch\u00eane. Le Tawny de 50 ans r\u00e9v\u00e8le non seulement sa superbe couleur dor\u00e9e, mais aussi la finesse d&rsquo;une multitude d&rsquo;ar\u00f4mes tels que le caramel, la muscade, les amandes grill\u00e9es, une touche d&rsquo;\u00e9pices ou des notes torr\u00e9fi\u00e9es. La longue finale est sublim\u00e9e par la puissance des diff\u00e9rents parfums et reste douce : quand la vivacit\u00e9 rencontre la d\u00e9licatesse.<\/p>\n<h4>V.V.O.P.<\/h4>\n<p>Si le Porto \u00e9tait un nectar, notre \u00ab Very Very Old Port \u00bb, de plus de 80 ans, reconnu par l&rsquo;IVDP comme d&rsquo;une \u00ab\u00a0qualit\u00e9 exceptionnelle\u00a0\u00bb, en serait l&rsquo;illustration, gr\u00e2ce au savoir-faire et \u00e0 la patience. De sa magnifique couleur cuivr\u00e9e \u00e0 ses saveurs g\u00e9n\u00e9reuses telles que le caramel, les \u00e9pices douces, les figues s\u00e9ch\u00e9es, les noix et la vanille, laissez-vous tenter par ce m\u00e9lange d\u00e9licat qui perdurera non seulement en finale mais dans votre esprit.<\/p>\n","protected":false},"excerpt":{"rendered":"<p>20 ans tawny Ce Tawny de 20 ans, avec sa couleur ambr\u00e9e intense, provient de m\u00e9langes soigneusement s\u00e9lectionn\u00e9s, m\u00fbris en f\u00fbt de bois. Sa structure et ses ar\u00f4mes de fruits rouges m\u00fbrs, de fruits secs et son soup\u00e7on de vanille nous offrent un nez s\u00e9duisant et une texture moelleuse qui perdurent bien. Entour\u00e9 par la [&hellip;]<\/p>\n","protected":false},"featured_media":1260,"template":"","meta":{"_monsterinsights_skip_tracking":false,"_monsterinsights_sitenote_active":false,"_monsterinsights_sitenote_note":"","_monsterinsights_sitenote_category":0},"product_cat":[30],"product_tag":[],"acf":[],"yoast_head":"<!-- This site is optimized with the Yoast SEO plugin v23.1 - https:\/\/yoast.com\/wordpress\/plugins\/seo\/ -->\n<title>Port Wine Premium Pack - Porto Vasconcellos<\/title>\n<meta name=\"robots\" content=\"index, follow, max-snippet:-1, max-image-preview:large, max-video-preview:-1\" \/>\n<link rel=\"canonical\" href=\"https:\/\/portovasconcellos.com\/product\/port-wine-premium-pack\/\" \/>\n<meta property=\"og:locale\" content=\"fr_FR\" \/>\n<meta property=\"og:type\" content=\"article\" \/>\n<meta property=\"og:title\" content=\"Port Wine Premium Pack - Porto Vasconcellos\" \/>\n<meta property=\"og:description\" content=\"20 ans tawny Ce Tawny de 20 ans, avec sa couleur ambr\u00e9e intense, provient de m\u00e9langes soigneusement s\u00e9lectionn\u00e9s, m\u00fbris en f\u00fbt de bois. Sa structure et ses ar\u00f4mes de fruits rouges m\u00fbrs, de fruits secs et son soup\u00e7on de vanille nous offrent un nez s\u00e9duisant et une texture moelleuse qui perdurent bien. Entour\u00e9 par la [&hellip;]\" \/>\n<meta property=\"og:url\" content=\"https:\/\/portovasconcellos.com\/product\/port-wine-premium-pack\/\" \/>\n<meta property=\"og:site_name\" content=\"Porto Vasconcellos\" \/>\n<meta property=\"article:modified_time\" content=\"2024-04-08T22:36:23+00:00\" \/>\n<meta property=\"og:image\" content=\"https:\/\/portovasconcellos.com\/wp-content\/uploads\/2024\/04\/premium-pack.png\" \/>\n\t<meta property=\"og:image:width\" content=\"960\" \/>\n\t<meta property=\"og:image:height\" content=\"960\" \/>\n\t<meta property=\"og:image:type\" content=\"image\/png\" \/>\n<meta name=\"twitter:card\" content=\"summary_large_image\" \/>\n<meta name=\"twitter:label1\" content=\"Dur\u00e9e de lecture estim\u00e9e\" \/>\n\t<meta name=\"twitter:data1\" content=\"2 minutes\" \/>\n<script type=\"application\/ld+json\" class=\"yoast-schema-graph\">{\"@context\":\"https:\/\/schema.org\",\"@graph\":[{\"@type\":\"WebPage\",\"@id\":\"https:\/\/portovasconcellos.com\/product\/port-wine-premium-pack\/\",\"url\":\"https:\/\/portovasconcellos.com\/product\/port-wine-premium-pack\/\",\"name\":\"Port Wine Premium Pack - Porto Vasconcellos\",\"isPartOf\":{\"@id\":\"https:\/\/portovasconcellos.com\/#website\"},\"primaryImageOfPage\":{\"@id\":\"https:\/\/portovasconcellos.com\/product\/port-wine-premium-pack\/#primaryimage\"},\"image\":{\"@id\":\"https:\/\/portovasconcellos.com\/product\/port-wine-premium-pack\/#primaryimage\"},\"thumbnailUrl\":\"https:\/\/portovasconcellos.com\/wp-content\/uploads\/2024\/04\/premium-pack.png\",\"datePublished\":\"2024-04-08T22:31:32+00:00\",\"dateModified\":\"2024-04-08T22:36:23+00:00\",\"breadcrumb\":{\"@id\":\"https:\/\/portovasconcellos.com\/product\/port-wine-premium-pack\/#breadcrumb\"},\"inLanguage\":\"fr-FR\",\"potentialAction\":[{\"@type\":\"ReadAction\",\"target\":[\"https:\/\/portovasconcellos.com\/product\/port-wine-premium-pack\/\"]}]},{\"@type\":\"ImageObject\",\"inLanguage\":\"fr-FR\",\"@id\":\"https:\/\/portovasconcellos.com\/product\/port-wine-premium-pack\/#primaryimage\",\"url\":\"https:\/\/portovasconcellos.com\/wp-content\/uploads\/2024\/04\/premium-pack.png\",\"contentUrl\":\"https:\/\/portovasconcellos.com\/wp-content\/uploads\/2024\/04\/premium-pack.png\",\"width\":960,\"height\":960},{\"@type\":\"BreadcrumbList\",\"@id\":\"https:\/\/portovasconcellos.com\/product\/port-wine-premium-pack\/#breadcrumb\",\"itemListElement\":[{\"@type\":\"ListItem\",\"position\":1,\"name\":\"Home\",\"item\":\"https:\/\/portovasconcellos.com\/fr\/\"},{\"@type\":\"ListItem\",\"position\":2,\"name\":\"Products\",\"item\":\"https:\/\/portovasconcellos.com\/shop\/\"},{\"@type\":\"ListItem\",\"position\":3,\"name\":\"Port Wine Premium Pack\"}]},{\"@type\":\"WebSite\",\"@id\":\"https:\/\/portovasconcellos.com\/#website\",\"url\":\"https:\/\/portovasconcellos.com\/\",\"name\":\"Porto Vasconcellos\",\"description\":\"\",\"publisher\":{\"@id\":\"https:\/\/portovasconcellos.com\/#organization\"},\"potentialAction\":[{\"@type\":\"SearchAction\",\"target\":{\"@type\":\"EntryPoint\",\"urlTemplate\":\"https:\/\/portovasconcellos.com\/?s={search_term_string}\"},\"query-input\":\"required name=search_term_string\"}],\"inLanguage\":\"fr-FR\"},{\"@type\":\"Organization\",\"@id\":\"https:\/\/portovasconcellos.com\/#organization\",\"name\":\"Porto Vasconcellos\",\"url\":\"https:\/\/portovasconcellos.com\/\",\"logo\":{\"@type\":\"ImageObject\",\"inLanguage\":\"fr-FR\",\"@id\":\"https:\/\/portovasconcellos.com\/#\/schema\/logo\/image\/\",\"url\":\"https:\/\/portovasconcellos.com\/wp-content\/uploads\/2022\/02\/thumb.jpg\",\"contentUrl\":\"https:\/\/portovasconcellos.com\/wp-content\/uploads\/2022\/02\/thumb.jpg\",\"width\":1200,\"height\":630,\"caption\":\"Porto Vasconcellos\"},\"image\":{\"@id\":\"https:\/\/portovasconcellos.com\/#\/schema\/logo\/image\/\"}}]}<\/script>\n<!-- \/ Yoast SEO plugin. -->","yoast_head_json":{"title":"Port Wine Premium Pack - Porto Vasconcellos","robots":{"index":"index","follow":"follow","max-snippet":"max-snippet:-1","max-image-preview":"max-image-preview:large","max-video-preview":"max-video-preview:-1"},"canonical":"https:\/\/portovasconcellos.com\/product\/port-wine-premium-pack\/","og_locale":"fr_FR","og_type":"article","og_title":"Port Wine Premium Pack - Porto Vasconcellos","og_description":"20 ans tawny Ce Tawny de 20 ans, avec sa couleur ambr\u00e9e intense, provient de m\u00e9langes soigneusement s\u00e9lectionn\u00e9s, m\u00fbris en f\u00fbt de bois. Sa structure et ses ar\u00f4mes de fruits rouges m\u00fbrs, de fruits secs et son soup\u00e7on de vanille nous offrent un nez s\u00e9duisant et une texture moelleuse qui perdurent bien. Entour\u00e9 par la [&hellip;]","og_url":"https:\/\/portovasconcellos.com\/product\/port-wine-premium-pack\/","og_site_name":"Porto Vasconcellos","article_modified_time":"2024-04-08T22:36:23+00:00","og_image":[{"width":960,"height":960,"url":"https:\/\/portovasconcellos.com\/wp-content\/uploads\/2024\/04\/premium-pack.png","type":"image\/png"}],"twitter_card":"summary_large_image","twitter_misc":{"Dur\u00e9e de lecture estim\u00e9e":"2 minutes"},"schema":{"@context":"https:\/\/schema.org","@graph":[{"@type":"WebPage","@id":"https:\/\/portovasconcellos.com\/product\/port-wine-premium-pack\/","url":"https:\/\/portovasconcellos.com\/product\/port-wine-premium-pack\/","name":"Port Wine Premium Pack - Porto Vasconcellos","isPartOf":{"@id":"https:\/\/portovasconcellos.com\/#website"},"primaryImageOfPage":{"@id":"https:\/\/portovasconcellos.com\/product\/port-wine-premium-pack\/#primaryimage"},"image":{"@id":"https:\/\/portovasconcellos.com\/product\/port-wine-premium-pack\/#primaryimage"},"thumbnailUrl":"https:\/\/portovasconcellos.com\/wp-content\/uploads\/2024\/04\/premium-pack.png","datePublished":"2024-04-08T22:31:32+00:00","dateModified":"2024-04-08T22:36:23+00:00","breadcrumb":{"@id":"https:\/\/portovasconcellos.com\/product\/port-wine-premium-pack\/#breadcrumb"},"inLanguage":"fr-FR","potentialAction":[{"@type":"ReadAction","target":["https:\/\/portovasconcellos.com\/product\/port-wine-premium-pack\/"]}]},{"@type":"ImageObject","inLanguage":"fr-FR","@id":"https:\/\/portovasconcellos.com\/product\/port-wine-premium-pack\/#primaryimage","url":"https:\/\/portovasconcellos.com\/wp-content\/uploads\/2024\/04\/premium-pack.png","contentUrl":"https:\/\/portovasconcellos.com\/wp-content\/uploads\/2024\/04\/premium-pack.png","width":960,"height":960},{"@type":"BreadcrumbList","@id":"https:\/\/portovasconcellos.com\/product\/port-wine-premium-pack\/#breadcrumb","itemListElement":[{"@type":"ListItem","position":1,"name":"Home","item":"https:\/\/portovasconcellos.com\/fr\/"},{"@type":"ListItem","position":2,"name":"Products","item":"https:\/\/portovasconcellos.com\/shop\/"},{"@type":"ListItem","position":3,"name":"Port Wine Premium Pack"}]},{"@type":"WebSite","@id":"https:\/\/portovasconcellos.com\/#website","url":"https:\/\/portovasconcellos.com\/","name":"Porto Vasconcellos","description":"","publisher":{"@id":"https:\/\/portovasconcellos.com\/#organization"},"potentialAction":[{"@type":"SearchAction","target":{"@type":"EntryPoint","urlTemplate":"https:\/\/portovasconcellos.com\/?s={search_term_string}"},"query-input":"required name=search_term_string"}],"inLanguage":"fr-FR"},{"@type":"Organization","@id":"https:\/\/portovasconcellos.com\/#organization","name":"Porto Vasconcellos","url":"https:\/\/portovasconcellos.com\/","logo":{"@type":"ImageObject","inLanguage":"fr-FR","@id":"https:\/\/portovasconcellos.com\/#\/schema\/logo\/image\/","url":"https:\/\/portovasconcellos.com\/wp-content\/uploads\/2022\/02\/thumb.jpg","contentUrl":"https:\/\/portovasconcellos.com\/wp-content\/uploads\/2022\/02\/thumb.jpg","width":1200,"height":630,"caption":"Porto Vasconcellos"},"image":{"@id":"https:\/\/portovasconcellos.com\/#\/schema\/logo\/image\/"}}]}},"_links":{"self":[{"href":"https:\/\/portovasconcellos.com\/fr\/wp-json\/wp\/v2\/product\/1257"}],"collection":[{"href":"https:\/\/portovasconcellos.com\/fr\/wp-json\/wp\/v2\/product"}],"about":[{"href":"https:\/\/portovasconcellos.com\/fr\/wp-json\/wp\/v2\/types\/product"}],"wp:featuredmedia":[{"embeddable":true,"href":"https:\/\/portovasconcellos.com\/fr\/wp-json\/wp\/v2\/media\/1260"}],"wp:attachment":[{"href":"https:\/\/portovasconcellos.com\/fr\/wp-json\/wp\/v2\/media?parent=1257"}],"wp:term":[{"taxonomy":"product_cat","embeddable":true,"href":"https:\/\/portovasconcellos.com\/fr\/wp-json\/wp\/v2\/product_cat?post=1257"},{"taxonomy":"product_tag","embeddable":true,"href":"https:\/\/portovasconcellos.com\/fr\/wp-json\/wp\/v2\/product_tag?post=1257"}],"curies":[{"name":"wp","href":"https:\/\/api.w.org\/{rel}","templated":true}]}}