{"id":1245,"date":"2024-04-08T23:15:44","date_gmt":"2024-04-08T22:15:44","guid":{"rendered":"https:\/\/portovasconcellos.com\/?post_type=product&#038;p=1245"},"modified":"2024-04-08T23:19:12","modified_gmt":"2024-04-08T22:19:12","slug":"vasconcellos-50-ans-tawny","status":"publish","type":"product","link":"https:\/\/portovasconcellos.com\/fr\/product\/vasconcellos-50-ans-tawny\/","title":{"rendered":"Vasconcellos 50 Ans Tawny"},"content":{"rendered":"<h4>Imaginez laisser vieillir un Porto pendant un demi-si\u00e8cle en f\u00fbts de ch\u00eane.<\/h4>\n<p>Le Tawny de 50 ans r\u00e9v\u00e8le non seulement sa superbe couleur dor\u00e9e, mais aussi la finesse d&rsquo;une multitude d&rsquo;ar\u00f4mes tels que le caramel, la muscade, les amandes grill\u00e9es, une touche d&rsquo;\u00e9pices ou des notes torr\u00e9fi\u00e9es. La longue finale est sublim\u00e9e par la puissance des diff\u00e9rents parfums et reste douce : quand la vivacit\u00e9 rencontre la d\u00e9licatesse.<\/p>\n","protected":false},"excerpt":{"rendered":"<p>Imaginez laisser vieillir un Porto pendant un demi-si\u00e8cle en f\u00fbts de ch\u00eane. Le Tawny de 50 ans r\u00e9v\u00e8le non seulement sa superbe couleur dor\u00e9e, mais aussi la finesse d&rsquo;une multitude d&rsquo;ar\u00f4mes tels que le caramel, la muscade, les amandes grill\u00e9es, une touche d&rsquo;\u00e9pices ou des notes torr\u00e9fi\u00e9es. La longue finale est sublim\u00e9e par la puissance [&hellip;]<\/p>\n","protected":false},"featured_media":1248,"template":"","meta":{"_monsterinsights_skip_tracking":false,"_monsterinsights_sitenote_active":false,"_monsterinsights_sitenote_note":"","_monsterinsights_sitenote_category":0},"product_cat":[30],"product_tag":[],"acf":[],"yoast_head":"<!-- This site is optimized with the Yoast SEO plugin v23.1 - https:\/\/yoast.com\/wordpress\/plugins\/seo\/ -->\n<title>Vasconcellos 50 Ans Tawny - Porto Vasconcellos<\/title>\n<meta name=\"robots\" content=\"index, follow, max-snippet:-1, max-image-preview:large, max-video-preview:-1\" \/>\n<link rel=\"canonical\" href=\"https:\/\/portovasconcellos.com\/product\/vasconcellos-50-years-old-tawny\/\" \/>\n<meta property=\"og:locale\" content=\"fr_FR\" \/>\n<meta property=\"og:type\" content=\"article\" \/>\n<meta property=\"og:title\" content=\"Vasconcellos 50 Ans Tawny - Porto Vasconcellos\" \/>\n<meta property=\"og:description\" content=\"Imaginez laisser vieillir un Porto pendant un demi-si\u00e8cle en f\u00fbts de ch\u00eane. Le Tawny de 50 ans r\u00e9v\u00e8le non seulement sa superbe couleur dor\u00e9e, mais aussi la finesse d&rsquo;une multitude d&rsquo;ar\u00f4mes tels que le caramel, la muscade, les amandes grill\u00e9es, une touche d&rsquo;\u00e9pices ou des notes torr\u00e9fi\u00e9es. La longue finale est sublim\u00e9e par la puissance [&hellip;]\" \/>\n<meta property=\"og:url\" content=\"https:\/\/portovasconcellos.com\/product\/vasconcellos-50-years-old-tawny\/\" \/>\n<meta property=\"og:site_name\" content=\"Porto Vasconcellos\" \/>\n<meta property=\"article:modified_time\" content=\"2024-04-08T22:19:12+00:00\" \/>\n<meta property=\"og:image\" content=\"https:\/\/portovasconcellos.com\/wp-content\/uploads\/2024\/04\/50-years.png\" \/>\n\t<meta property=\"og:image:width\" content=\"336\" \/>\n\t<meta property=\"og:image:height\" content=\"1200\" \/>\n\t<meta property=\"og:image:type\" content=\"image\/png\" \/>\n<meta name=\"twitter:card\" content=\"summary_large_image\" \/>\n<script type=\"application\/ld+json\" class=\"yoast-schema-graph\">{\"@context\":\"https:\/\/schema.org\",\"@graph\":[{\"@type\":\"WebPage\",\"@id\":\"https:\/\/portovasconcellos.com\/product\/vasconcellos-50-years-old-tawny\/\",\"url\":\"https:\/\/portovasconcellos.com\/product\/vasconcellos-50-years-old-tawny\/\",\"name\":\"Vasconcellos 50 Ans Tawny - Porto Vasconcellos\",\"isPartOf\":{\"@id\":\"https:\/\/portovasconcellos.com\/#website\"},\"primaryImageOfPage\":{\"@id\":\"https:\/\/portovasconcellos.com\/product\/vasconcellos-50-years-old-tawny\/#primaryimage\"},\"image\":{\"@id\":\"https:\/\/portovasconcellos.com\/product\/vasconcellos-50-years-old-tawny\/#primaryimage\"},\"thumbnailUrl\":\"https:\/\/portovasconcellos.com\/wp-content\/uploads\/2024\/04\/50-years.png\",\"datePublished\":\"2024-04-08T22:15:44+00:00\",\"dateModified\":\"2024-04-08T22:19:12+00:00\",\"breadcrumb\":{\"@id\":\"https:\/\/portovasconcellos.com\/product\/vasconcellos-50-years-old-tawny\/#breadcrumb\"},\"inLanguage\":\"fr-FR\",\"potentialAction\":[{\"@type\":\"ReadAction\",\"target\":[\"https:\/\/portovasconcellos.com\/product\/vasconcellos-50-years-old-tawny\/\"]}]},{\"@type\":\"ImageObject\",\"inLanguage\":\"fr-FR\",\"@id\":\"https:\/\/portovasconcellos.com\/product\/vasconcellos-50-years-old-tawny\/#primaryimage\",\"url\":\"https:\/\/portovasconcellos.com\/wp-content\/uploads\/2024\/04\/50-years.png\",\"contentUrl\":\"https:\/\/portovasconcellos.com\/wp-content\/uploads\/2024\/04\/50-years.png\",\"width\":336,\"height\":1200},{\"@type\":\"BreadcrumbList\",\"@id\":\"https:\/\/portovasconcellos.com\/product\/vasconcellos-50-years-old-tawny\/#breadcrumb\",\"itemListElement\":[{\"@type\":\"ListItem\",\"position\":1,\"name\":\"Home\",\"item\":\"https:\/\/portovasconcellos.com\/fr\/\"},{\"@type\":\"ListItem\",\"position\":2,\"name\":\"Products\",\"item\":\"https:\/\/portovasconcellos.com\/shop\/\"},{\"@type\":\"ListItem\",\"position\":3,\"name\":\"Vasconcellos 50 Ans Tawny\"}]},{\"@type\":\"WebSite\",\"@id\":\"https:\/\/portovasconcellos.com\/#website\",\"url\":\"https:\/\/portovasconcellos.com\/\",\"name\":\"Porto Vasconcellos\",\"description\":\"\",\"publisher\":{\"@id\":\"https:\/\/portovasconcellos.com\/#organization\"},\"potentialAction\":[{\"@type\":\"SearchAction\",\"target\":{\"@type\":\"EntryPoint\",\"urlTemplate\":\"https:\/\/portovasconcellos.com\/?s={search_term_string}\"},\"query-input\":\"required name=search_term_string\"}],\"inLanguage\":\"fr-FR\"},{\"@type\":\"Organization\",\"@id\":\"https:\/\/portovasconcellos.com\/#organization\",\"name\":\"Porto Vasconcellos\",\"url\":\"https:\/\/portovasconcellos.com\/\",\"logo\":{\"@type\":\"ImageObject\",\"inLanguage\":\"fr-FR\",\"@id\":\"https:\/\/portovasconcellos.com\/#\/schema\/logo\/image\/\",\"url\":\"https:\/\/portovasconcellos.com\/wp-content\/uploads\/2022\/02\/thumb.jpg\",\"contentUrl\":\"https:\/\/portovasconcellos.com\/wp-content\/uploads\/2022\/02\/thumb.jpg\",\"width\":1200,\"height\":630,\"caption\":\"Porto Vasconcellos\"},\"image\":{\"@id\":\"https:\/\/portovasconcellos.com\/#\/schema\/logo\/image\/\"}}]}<\/script>\n<!-- \/ Yoast SEO plugin. -->","yoast_head_json":{"title":"Vasconcellos 50 Ans Tawny - Porto Vasconcellos","robots":{"index":"index","follow":"follow","max-snippet":"max-snippet:-1","max-image-preview":"max-image-preview:large","max-video-preview":"max-video-preview:-1"},"canonical":"https:\/\/portovasconcellos.com\/product\/vasconcellos-50-years-old-tawny\/","og_locale":"fr_FR","og_type":"article","og_title":"Vasconcellos 50 Ans Tawny - Porto Vasconcellos","og_description":"Imaginez laisser vieillir un Porto pendant un demi-si\u00e8cle en f\u00fbts de ch\u00eane. Le Tawny de 50 ans r\u00e9v\u00e8le non seulement sa superbe couleur dor\u00e9e, mais aussi la finesse d&rsquo;une multitude d&rsquo;ar\u00f4mes tels que le caramel, la muscade, les amandes grill\u00e9es, une touche d&rsquo;\u00e9pices ou des notes torr\u00e9fi\u00e9es. La longue finale est sublim\u00e9e par la puissance [&hellip;]","og_url":"https:\/\/portovasconcellos.com\/product\/vasconcellos-50-years-old-tawny\/","og_site_name":"Porto Vasconcellos","article_modified_time":"2024-04-08T22:19:12+00:00","og_image":[{"width":336,"height":1200,"url":"https:\/\/portovasconcellos.com\/wp-content\/uploads\/2024\/04\/50-years.png","type":"image\/png"}],"twitter_card":"summary_large_image","schema":{"@context":"https:\/\/schema.org","@graph":[{"@type":"WebPage","@id":"https:\/\/portovasconcellos.com\/product\/vasconcellos-50-years-old-tawny\/","url":"https:\/\/portovasconcellos.com\/product\/vasconcellos-50-years-old-tawny\/","name":"Vasconcellos 50 Ans Tawny - Porto Vasconcellos","isPartOf":{"@id":"https:\/\/portovasconcellos.com\/#website"},"primaryImageOfPage":{"@id":"https:\/\/portovasconcellos.com\/product\/vasconcellos-50-years-old-tawny\/#primaryimage"},"image":{"@id":"https:\/\/portovasconcellos.com\/product\/vasconcellos-50-years-old-tawny\/#primaryimage"},"thumbnailUrl":"https:\/\/portovasconcellos.com\/wp-content\/uploads\/2024\/04\/50-years.png","datePublished":"2024-04-08T22:15:44+00:00","dateModified":"2024-04-08T22:19:12+00:00","breadcrumb":{"@id":"https:\/\/portovasconcellos.com\/product\/vasconcellos-50-years-old-tawny\/#breadcrumb"},"inLanguage":"fr-FR","potentialAction":[{"@type":"ReadAction","target":["https:\/\/portovasconcellos.com\/product\/vasconcellos-50-years-old-tawny\/"]}]},{"@type":"ImageObject","inLanguage":"fr-FR","@id":"https:\/\/portovasconcellos.com\/product\/vasconcellos-50-years-old-tawny\/#primaryimage","url":"https:\/\/portovasconcellos.com\/wp-content\/uploads\/2024\/04\/50-years.png","contentUrl":"https:\/\/portovasconcellos.com\/wp-content\/uploads\/2024\/04\/50-years.png","width":336,"height":1200},{"@type":"BreadcrumbList","@id":"https:\/\/portovasconcellos.com\/product\/vasconcellos-50-years-old-tawny\/#breadcrumb","itemListElement":[{"@type":"ListItem","position":1,"name":"Home","item":"https:\/\/portovasconcellos.com\/fr\/"},{"@type":"ListItem","position":2,"name":"Products","item":"https:\/\/portovasconcellos.com\/shop\/"},{"@type":"ListItem","position":3,"name":"Vasconcellos 50 Ans Tawny"}]},{"@type":"WebSite","@id":"https:\/\/portovasconcellos.com\/#website","url":"https:\/\/portovasconcellos.com\/","name":"Porto Vasconcellos","description":"","publisher":{"@id":"https:\/\/portovasconcellos.com\/#organization"},"potentialAction":[{"@type":"SearchAction","target":{"@type":"EntryPoint","urlTemplate":"https:\/\/portovasconcellos.com\/?s={search_term_string}"},"query-input":"required name=search_term_string"}],"inLanguage":"fr-FR"},{"@type":"Organization","@id":"https:\/\/portovasconcellos.com\/#organization","name":"Porto Vasconcellos","url":"https:\/\/portovasconcellos.com\/","logo":{"@type":"ImageObject","inLanguage":"fr-FR","@id":"https:\/\/portovasconcellos.com\/#\/schema\/logo\/image\/","url":"https:\/\/portovasconcellos.com\/wp-content\/uploads\/2022\/02\/thumb.jpg","contentUrl":"https:\/\/portovasconcellos.com\/wp-content\/uploads\/2022\/02\/thumb.jpg","width":1200,"height":630,"caption":"Porto Vasconcellos"},"image":{"@id":"https:\/\/portovasconcellos.com\/#\/schema\/logo\/image\/"}}]}},"_links":{"self":[{"href":"https:\/\/portovasconcellos.com\/fr\/wp-json\/wp\/v2\/product\/1245"}],"collection":[{"href":"https:\/\/portovasconcellos.com\/fr\/wp-json\/wp\/v2\/product"}],"about":[{"href":"https:\/\/portovasconcellos.com\/fr\/wp-json\/wp\/v2\/types\/product"}],"wp:featuredmedia":[{"embeddable":true,"href":"https:\/\/portovasconcellos.com\/fr\/wp-json\/wp\/v2\/media\/1248"}],"wp:attachment":[{"href":"https:\/\/portovasconcellos.com\/fr\/wp-json\/wp\/v2\/media?parent=1245"}],"wp:term":[{"taxonomy":"product_cat","embeddable":true,"href":"https:\/\/portovasconcellos.com\/fr\/wp-json\/wp\/v2\/product_cat?post=1245"},{"taxonomy":"product_tag","embeddable":true,"href":"https:\/\/portovasconcellos.com\/fr\/wp-json\/wp\/v2\/product_tag?post=1245"}],"curies":[{"name":"wp","href":"https:\/\/api.w.org\/{rel}","templated":true}]}}