{"id":1239,"date":"2024-04-08T23:06:22","date_gmt":"2024-04-08T22:06:22","guid":{"rendered":"https:\/\/portovasconcellos.com\/?post_type=product&#038;p=1239"},"modified":"2024-04-08T23:13:39","modified_gmt":"2024-04-08T22:13:39","slug":"vasconcellos-20-ans-blanc","status":"publish","type":"product","link":"https:\/\/portovasconcellos.com\/fr\/product\/vasconcellos-20-ans-blanc\/","title":{"rendered":"Vasconcellos 20 Ans Blanc"},"content":{"rendered":"<h4>\u00ab\u00a0Une belle couleur dor\u00e9e pour un Porto Blanc de 20 ans qui nous offre toute la subtilit\u00e9 aromatique que nous attendons. La pr\u00e9sence des noix, des amandes caram\u00e9lis\u00e9es et grill\u00e9es, offre une alliance \u00e9quilibr\u00e9e. Le palais est velout\u00e9 et sophistiqu\u00e9. \u00c0 servir l\u00e9g\u00e8rement frais en ap\u00e9ritif ou avec des fromages et des desserts, il r\u00e9v\u00e9lera toute sa puissance.\u00a0\u00bb<\/h4>\n<p>Le Porto Blanc de 20 ans est un nectar dor\u00e9 qui \u00e9l\u00e8ve l&rsquo;exp\u00e9rience de d\u00e9gustation \u00e0 un niveau exceptionnel. Produit par Christies Wines, une soci\u00e9t\u00e9 ayant un h\u00e9ritage d&rsquo;excellence dans le monde des vins, ce Porto Blanc de 20 ans est un chef-d&rsquo;\u0153uvre de saveurs et d&rsquo;ar\u00f4mes qui conquiert les palais les plus exigeants.<\/p>\n<p>Ce vin est parfait pour c\u00e9l\u00e9brer des moments sp\u00e9ciaux, trinquer avec des amis et de la famille ou simplement profiter d&rsquo;un moment de pur plaisir. Le Porto Blanc de 20 ans de Butler Nephew &#038; Co est une exp\u00e9rience sensorielle unique, un voyage inoubliable \u00e0 travers le monde des saveurs et des ar\u00f4mes du Douro. Un choix parfait pour les amateurs de vin \u00e0 la recherche d&rsquo;un Porto Blanc de qualit\u00e9 sup\u00e9rieure.<\/p>\n","protected":false},"excerpt":{"rendered":"<p>\u00ab\u00a0Une belle couleur dor\u00e9e pour un Porto Blanc de 20 ans qui nous offre toute la subtilit\u00e9 aromatique que nous attendons. La pr\u00e9sence des noix, des amandes caram\u00e9lis\u00e9es et grill\u00e9es, offre une alliance \u00e9quilibr\u00e9e. Le palais est velout\u00e9 et sophistiqu\u00e9. \u00c0 servir l\u00e9g\u00e8rement frais en ap\u00e9ritif ou avec des fromages et des desserts, il r\u00e9v\u00e9lera [&hellip;]<\/p>\n","protected":false},"featured_media":1242,"template":"","meta":{"_monsterinsights_skip_tracking":false,"_monsterinsights_sitenote_active":false,"_monsterinsights_sitenote_note":"","_monsterinsights_sitenote_category":0},"product_cat":[30],"product_tag":[],"acf":[],"yoast_head":"<!-- This site is optimized with the Yoast SEO plugin v23.1 - https:\/\/yoast.com\/wordpress\/plugins\/seo\/ -->\n<title>Vasconcellos 20 Ans Blanc - Porto Vasconcellos<\/title>\n<meta name=\"robots\" content=\"index, follow, max-snippet:-1, max-image-preview:large, max-video-preview:-1\" \/>\n<link rel=\"canonical\" href=\"https:\/\/portovasconcellos.com\/product\/vasconcellos-20-years-old-white\/\" \/>\n<meta property=\"og:locale\" content=\"fr_FR\" \/>\n<meta property=\"og:type\" content=\"article\" \/>\n<meta property=\"og:title\" content=\"Vasconcellos 20 Ans Blanc - Porto Vasconcellos\" \/>\n<meta property=\"og:description\" content=\"\u00ab\u00a0Une belle couleur dor\u00e9e pour un Porto Blanc de 20 ans qui nous offre toute la subtilit\u00e9 aromatique que nous attendons. La pr\u00e9sence des noix, des amandes caram\u00e9lis\u00e9es et grill\u00e9es, offre une alliance \u00e9quilibr\u00e9e. Le palais est velout\u00e9 et sophistiqu\u00e9. \u00c0 servir l\u00e9g\u00e8rement frais en ap\u00e9ritif ou avec des fromages et des desserts, il r\u00e9v\u00e9lera [&hellip;]\" \/>\n<meta property=\"og:url\" content=\"https:\/\/portovasconcellos.com\/product\/vasconcellos-20-years-old-white\/\" \/>\n<meta property=\"og:site_name\" content=\"Porto Vasconcellos\" \/>\n<meta property=\"article:modified_time\" content=\"2024-04-08T22:13:39+00:00\" \/>\n<meta property=\"og:image\" content=\"https:\/\/portovasconcellos.com\/wp-content\/uploads\/2024\/04\/20-years-white.png\" \/>\n\t<meta property=\"og:image:width\" content=\"336\" \/>\n\t<meta property=\"og:image:height\" content=\"1200\" \/>\n\t<meta property=\"og:image:type\" content=\"image\/png\" \/>\n<meta name=\"twitter:card\" content=\"summary_large_image\" \/>\n<meta name=\"twitter:label1\" content=\"Dur\u00e9e de lecture estim\u00e9e\" \/>\n\t<meta name=\"twitter:data1\" content=\"1 minute\" \/>\n<script type=\"application\/ld+json\" class=\"yoast-schema-graph\">{\"@context\":\"https:\/\/schema.org\",\"@graph\":[{\"@type\":\"WebPage\",\"@id\":\"https:\/\/portovasconcellos.com\/product\/vasconcellos-20-years-old-white\/\",\"url\":\"https:\/\/portovasconcellos.com\/product\/vasconcellos-20-years-old-white\/\",\"name\":\"Vasconcellos 20 Ans Blanc - Porto Vasconcellos\",\"isPartOf\":{\"@id\":\"https:\/\/portovasconcellos.com\/#website\"},\"primaryImageOfPage\":{\"@id\":\"https:\/\/portovasconcellos.com\/product\/vasconcellos-20-years-old-white\/#primaryimage\"},\"image\":{\"@id\":\"https:\/\/portovasconcellos.com\/product\/vasconcellos-20-years-old-white\/#primaryimage\"},\"thumbnailUrl\":\"https:\/\/portovasconcellos.com\/wp-content\/uploads\/2024\/04\/20-years-white.png\",\"datePublished\":\"2024-04-08T22:06:22+00:00\",\"dateModified\":\"2024-04-08T22:13:39+00:00\",\"breadcrumb\":{\"@id\":\"https:\/\/portovasconcellos.com\/product\/vasconcellos-20-years-old-white\/#breadcrumb\"},\"inLanguage\":\"fr-FR\",\"potentialAction\":[{\"@type\":\"ReadAction\",\"target\":[\"https:\/\/portovasconcellos.com\/product\/vasconcellos-20-years-old-white\/\"]}]},{\"@type\":\"ImageObject\",\"inLanguage\":\"fr-FR\",\"@id\":\"https:\/\/portovasconcellos.com\/product\/vasconcellos-20-years-old-white\/#primaryimage\",\"url\":\"https:\/\/portovasconcellos.com\/wp-content\/uploads\/2024\/04\/20-years-white.png\",\"contentUrl\":\"https:\/\/portovasconcellos.com\/wp-content\/uploads\/2024\/04\/20-years-white.png\",\"width\":336,\"height\":1200},{\"@type\":\"BreadcrumbList\",\"@id\":\"https:\/\/portovasconcellos.com\/product\/vasconcellos-20-years-old-white\/#breadcrumb\",\"itemListElement\":[{\"@type\":\"ListItem\",\"position\":1,\"name\":\"Home\",\"item\":\"https:\/\/portovasconcellos.com\/fr\/\"},{\"@type\":\"ListItem\",\"position\":2,\"name\":\"Products\",\"item\":\"https:\/\/portovasconcellos.com\/shop\/\"},{\"@type\":\"ListItem\",\"position\":3,\"name\":\"Vasconcellos 20 Ans Blanc\"}]},{\"@type\":\"WebSite\",\"@id\":\"https:\/\/portovasconcellos.com\/#website\",\"url\":\"https:\/\/portovasconcellos.com\/\",\"name\":\"Porto Vasconcellos\",\"description\":\"\",\"publisher\":{\"@id\":\"https:\/\/portovasconcellos.com\/#organization\"},\"potentialAction\":[{\"@type\":\"SearchAction\",\"target\":{\"@type\":\"EntryPoint\",\"urlTemplate\":\"https:\/\/portovasconcellos.com\/?s={search_term_string}\"},\"query-input\":\"required name=search_term_string\"}],\"inLanguage\":\"fr-FR\"},{\"@type\":\"Organization\",\"@id\":\"https:\/\/portovasconcellos.com\/#organization\",\"name\":\"Porto Vasconcellos\",\"url\":\"https:\/\/portovasconcellos.com\/\",\"logo\":{\"@type\":\"ImageObject\",\"inLanguage\":\"fr-FR\",\"@id\":\"https:\/\/portovasconcellos.com\/#\/schema\/logo\/image\/\",\"url\":\"https:\/\/portovasconcellos.com\/wp-content\/uploads\/2022\/02\/thumb.jpg\",\"contentUrl\":\"https:\/\/portovasconcellos.com\/wp-content\/uploads\/2022\/02\/thumb.jpg\",\"width\":1200,\"height\":630,\"caption\":\"Porto Vasconcellos\"},\"image\":{\"@id\":\"https:\/\/portovasconcellos.com\/#\/schema\/logo\/image\/\"}}]}<\/script>\n<!-- \/ Yoast SEO plugin. -->","yoast_head_json":{"title":"Vasconcellos 20 Ans Blanc - Porto Vasconcellos","robots":{"index":"index","follow":"follow","max-snippet":"max-snippet:-1","max-image-preview":"max-image-preview:large","max-video-preview":"max-video-preview:-1"},"canonical":"https:\/\/portovasconcellos.com\/product\/vasconcellos-20-years-old-white\/","og_locale":"fr_FR","og_type":"article","og_title":"Vasconcellos 20 Ans Blanc - Porto Vasconcellos","og_description":"\u00ab\u00a0Une belle couleur dor\u00e9e pour un Porto Blanc de 20 ans qui nous offre toute la subtilit\u00e9 aromatique que nous attendons. La pr\u00e9sence des noix, des amandes caram\u00e9lis\u00e9es et grill\u00e9es, offre une alliance \u00e9quilibr\u00e9e. Le palais est velout\u00e9 et sophistiqu\u00e9. \u00c0 servir l\u00e9g\u00e8rement frais en ap\u00e9ritif ou avec des fromages et des desserts, il r\u00e9v\u00e9lera [&hellip;]","og_url":"https:\/\/portovasconcellos.com\/product\/vasconcellos-20-years-old-white\/","og_site_name":"Porto Vasconcellos","article_modified_time":"2024-04-08T22:13:39+00:00","og_image":[{"width":336,"height":1200,"url":"https:\/\/portovasconcellos.com\/wp-content\/uploads\/2024\/04\/20-years-white.png","type":"image\/png"}],"twitter_card":"summary_large_image","twitter_misc":{"Dur\u00e9e de lecture estim\u00e9e":"1 minute"},"schema":{"@context":"https:\/\/schema.org","@graph":[{"@type":"WebPage","@id":"https:\/\/portovasconcellos.com\/product\/vasconcellos-20-years-old-white\/","url":"https:\/\/portovasconcellos.com\/product\/vasconcellos-20-years-old-white\/","name":"Vasconcellos 20 Ans Blanc - Porto Vasconcellos","isPartOf":{"@id":"https:\/\/portovasconcellos.com\/#website"},"primaryImageOfPage":{"@id":"https:\/\/portovasconcellos.com\/product\/vasconcellos-20-years-old-white\/#primaryimage"},"image":{"@id":"https:\/\/portovasconcellos.com\/product\/vasconcellos-20-years-old-white\/#primaryimage"},"thumbnailUrl":"https:\/\/portovasconcellos.com\/wp-content\/uploads\/2024\/04\/20-years-white.png","datePublished":"2024-04-08T22:06:22+00:00","dateModified":"2024-04-08T22:13:39+00:00","breadcrumb":{"@id":"https:\/\/portovasconcellos.com\/product\/vasconcellos-20-years-old-white\/#breadcrumb"},"inLanguage":"fr-FR","potentialAction":[{"@type":"ReadAction","target":["https:\/\/portovasconcellos.com\/product\/vasconcellos-20-years-old-white\/"]}]},{"@type":"ImageObject","inLanguage":"fr-FR","@id":"https:\/\/portovasconcellos.com\/product\/vasconcellos-20-years-old-white\/#primaryimage","url":"https:\/\/portovasconcellos.com\/wp-content\/uploads\/2024\/04\/20-years-white.png","contentUrl":"https:\/\/portovasconcellos.com\/wp-content\/uploads\/2024\/04\/20-years-white.png","width":336,"height":1200},{"@type":"BreadcrumbList","@id":"https:\/\/portovasconcellos.com\/product\/vasconcellos-20-years-old-white\/#breadcrumb","itemListElement":[{"@type":"ListItem","position":1,"name":"Home","item":"https:\/\/portovasconcellos.com\/fr\/"},{"@type":"ListItem","position":2,"name":"Products","item":"https:\/\/portovasconcellos.com\/shop\/"},{"@type":"ListItem","position":3,"name":"Vasconcellos 20 Ans Blanc"}]},{"@type":"WebSite","@id":"https:\/\/portovasconcellos.com\/#website","url":"https:\/\/portovasconcellos.com\/","name":"Porto Vasconcellos","description":"","publisher":{"@id":"https:\/\/portovasconcellos.com\/#organization"},"potentialAction":[{"@type":"SearchAction","target":{"@type":"EntryPoint","urlTemplate":"https:\/\/portovasconcellos.com\/?s={search_term_string}"},"query-input":"required name=search_term_string"}],"inLanguage":"fr-FR"},{"@type":"Organization","@id":"https:\/\/portovasconcellos.com\/#organization","name":"Porto Vasconcellos","url":"https:\/\/portovasconcellos.com\/","logo":{"@type":"ImageObject","inLanguage":"fr-FR","@id":"https:\/\/portovasconcellos.com\/#\/schema\/logo\/image\/","url":"https:\/\/portovasconcellos.com\/wp-content\/uploads\/2022\/02\/thumb.jpg","contentUrl":"https:\/\/portovasconcellos.com\/wp-content\/uploads\/2022\/02\/thumb.jpg","width":1200,"height":630,"caption":"Porto Vasconcellos"},"image":{"@id":"https:\/\/portovasconcellos.com\/#\/schema\/logo\/image\/"}}]}},"_links":{"self":[{"href":"https:\/\/portovasconcellos.com\/fr\/wp-json\/wp\/v2\/product\/1239"}],"collection":[{"href":"https:\/\/portovasconcellos.com\/fr\/wp-json\/wp\/v2\/product"}],"about":[{"href":"https:\/\/portovasconcellos.com\/fr\/wp-json\/wp\/v2\/types\/product"}],"wp:featuredmedia":[{"embeddable":true,"href":"https:\/\/portovasconcellos.com\/fr\/wp-json\/wp\/v2\/media\/1242"}],"wp:attachment":[{"href":"https:\/\/portovasconcellos.com\/fr\/wp-json\/wp\/v2\/media?parent=1239"}],"wp:term":[{"taxonomy":"product_cat","embeddable":true,"href":"https:\/\/portovasconcellos.com\/fr\/wp-json\/wp\/v2\/product_cat?post=1239"},{"taxonomy":"product_tag","embeddable":true,"href":"https:\/\/portovasconcellos.com\/fr\/wp-json\/wp\/v2\/product_tag?post=1239"}],"curies":[{"name":"wp","href":"https:\/\/api.w.org\/{rel}","templated":true}]}}