{"id":1168,"date":"2022-03-02T13:18:30","date_gmt":"2022-03-02T13:18:30","guid":{"rendered":"https:\/\/portovasconcellos.com\/product\/vasconcellos-vintage-2003\/"},"modified":"2022-05-02T09:58:30","modified_gmt":"2022-05-02T08:58:30","slug":"vasconcellos-vintage-2003","status":"publish","type":"product","link":"https:\/\/portovasconcellos.com\/fr\/product\/vasconcellos-vintage-2003\/","title":{"rendered":"Vasconcellos Vintage 2003"},"content":{"rendered":"<h4> Des Portos d&rsquo;exception, produits avec les raisins d&rsquo;une ann\u00e9e exceptionnelle.<\/h4>\n<p>Le Vintage est un vin naturel dont le vieillissement peut engendrer du d\u00e9p\u00f4t. Ouvrir deux heures avant de servir et \u00e9ventuellement d\u00e9canter. La bouteille doit \u00eatre stock\u00e9e couch\u00e9e, dans une cave fra\u00eeche et s\u00e8che, \u00e0 l&rsquo;abri de la lumi\u00e8re ou de la chaleur.<\/p>\n","protected":false},"excerpt":{"rendered":"<p>Des Portos d&rsquo;exception, produits avec les raisins d&rsquo;une ann\u00e9e exceptionnelle. Le Vintage est un vin naturel dont le vieillissement peut engendrer du d\u00e9p\u00f4t. Ouvrir deux heures avant de servir et \u00e9ventuellement d\u00e9canter. La bouteille doit \u00eatre stock\u00e9e couch\u00e9e, dans une cave fra\u00eeche et s\u00e8che, \u00e0 l&rsquo;abri de la lumi\u00e8re ou de la chaleur.<\/p>\n","protected":false},"featured_media":1157,"template":"","meta":{"_monsterinsights_skip_tracking":false,"_monsterinsights_sitenote_active":false,"_monsterinsights_sitenote_note":"","_monsterinsights_sitenote_category":0},"product_cat":[30],"product_tag":[],"acf":[],"yoast_head":"<!-- This site is optimized with the Yoast SEO plugin v23.1 - https:\/\/yoast.com\/wordpress\/plugins\/seo\/ -->\n<title>Vasconcellos Vintage 2003 - Porto Vasconcellos<\/title>\n<meta name=\"robots\" content=\"index, follow, max-snippet:-1, max-image-preview:large, max-video-preview:-1\" \/>\n<link rel=\"canonical\" href=\"https:\/\/portovasconcellos.com\/product\/vasconcellos-vintage-2003\/\" \/>\n<meta property=\"og:locale\" content=\"fr_FR\" \/>\n<meta property=\"og:type\" content=\"article\" \/>\n<meta property=\"og:title\" content=\"Vasconcellos Vintage 2003 - Porto Vasconcellos\" \/>\n<meta property=\"og:description\" content=\"Des Portos d&rsquo;exception, produits avec les raisins d&rsquo;une ann\u00e9e exceptionnelle. Le Vintage est un vin naturel dont le vieillissement peut engendrer du d\u00e9p\u00f4t. Ouvrir deux heures avant de servir et \u00e9ventuellement d\u00e9canter. La bouteille doit \u00eatre stock\u00e9e couch\u00e9e, dans une cave fra\u00eeche et s\u00e8che, \u00e0 l&rsquo;abri de la lumi\u00e8re ou de la chaleur.\" \/>\n<meta property=\"og:url\" content=\"https:\/\/portovasconcellos.com\/product\/vasconcellos-vintage-2003\/\" \/>\n<meta property=\"og:site_name\" content=\"Porto Vasconcellos\" \/>\n<meta property=\"article:modified_time\" content=\"2022-05-02T08:58:30+00:00\" \/>\n<meta property=\"og:image\" content=\"https:\/\/portovasconcellos.com\/wp-content\/uploads\/2022\/03\/vintage-2003.png\" \/>\n\t<meta property=\"og:image:width\" content=\"327\" \/>\n\t<meta property=\"og:image:height\" content=\"1200\" \/>\n\t<meta property=\"og:image:type\" content=\"image\/png\" \/>\n<meta name=\"twitter:card\" content=\"summary_large_image\" \/>\n<script type=\"application\/ld+json\" class=\"yoast-schema-graph\">{\"@context\":\"https:\/\/schema.org\",\"@graph\":[{\"@type\":\"WebPage\",\"@id\":\"https:\/\/portovasconcellos.com\/product\/vasconcellos-vintage-2003\/\",\"url\":\"https:\/\/portovasconcellos.com\/product\/vasconcellos-vintage-2003\/\",\"name\":\"Vasconcellos Vintage 2003 - Porto Vasconcellos\",\"isPartOf\":{\"@id\":\"https:\/\/portovasconcellos.com\/#website\"},\"primaryImageOfPage\":{\"@id\":\"https:\/\/portovasconcellos.com\/product\/vasconcellos-vintage-2003\/#primaryimage\"},\"image\":{\"@id\":\"https:\/\/portovasconcellos.com\/product\/vasconcellos-vintage-2003\/#primaryimage\"},\"thumbnailUrl\":\"https:\/\/portovasconcellos.com\/wp-content\/uploads\/2022\/03\/vintage-2003.png\",\"datePublished\":\"2022-03-02T13:18:30+00:00\",\"dateModified\":\"2022-05-02T08:58:30+00:00\",\"breadcrumb\":{\"@id\":\"https:\/\/portovasconcellos.com\/product\/vasconcellos-vintage-2003\/#breadcrumb\"},\"inLanguage\":\"fr-FR\",\"potentialAction\":[{\"@type\":\"ReadAction\",\"target\":[\"https:\/\/portovasconcellos.com\/product\/vasconcellos-vintage-2003\/\"]}]},{\"@type\":\"ImageObject\",\"inLanguage\":\"fr-FR\",\"@id\":\"https:\/\/portovasconcellos.com\/product\/vasconcellos-vintage-2003\/#primaryimage\",\"url\":\"https:\/\/portovasconcellos.com\/wp-content\/uploads\/2022\/03\/vintage-2003.png\",\"contentUrl\":\"https:\/\/portovasconcellos.com\/wp-content\/uploads\/2022\/03\/vintage-2003.png\",\"width\":327,\"height\":1200,\"caption\":\"Vasconcellos Vintage 2003\"},{\"@type\":\"BreadcrumbList\",\"@id\":\"https:\/\/portovasconcellos.com\/product\/vasconcellos-vintage-2003\/#breadcrumb\",\"itemListElement\":[{\"@type\":\"ListItem\",\"position\":1,\"name\":\"Home\",\"item\":\"https:\/\/portovasconcellos.com\/fr\/\"},{\"@type\":\"ListItem\",\"position\":2,\"name\":\"Products\",\"item\":\"https:\/\/portovasconcellos.com\/shop\/\"},{\"@type\":\"ListItem\",\"position\":3,\"name\":\"Vasconcellos Vintage 2003\"}]},{\"@type\":\"WebSite\",\"@id\":\"https:\/\/portovasconcellos.com\/#website\",\"url\":\"https:\/\/portovasconcellos.com\/\",\"name\":\"Porto Vasconcellos\",\"description\":\"\",\"publisher\":{\"@id\":\"https:\/\/portovasconcellos.com\/#organization\"},\"potentialAction\":[{\"@type\":\"SearchAction\",\"target\":{\"@type\":\"EntryPoint\",\"urlTemplate\":\"https:\/\/portovasconcellos.com\/?s={search_term_string}\"},\"query-input\":\"required name=search_term_string\"}],\"inLanguage\":\"fr-FR\"},{\"@type\":\"Organization\",\"@id\":\"https:\/\/portovasconcellos.com\/#organization\",\"name\":\"Porto Vasconcellos\",\"url\":\"https:\/\/portovasconcellos.com\/\",\"logo\":{\"@type\":\"ImageObject\",\"inLanguage\":\"fr-FR\",\"@id\":\"https:\/\/portovasconcellos.com\/#\/schema\/logo\/image\/\",\"url\":\"https:\/\/portovasconcellos.com\/wp-content\/uploads\/2022\/02\/thumb.jpg\",\"contentUrl\":\"https:\/\/portovasconcellos.com\/wp-content\/uploads\/2022\/02\/thumb.jpg\",\"width\":1200,\"height\":630,\"caption\":\"Porto Vasconcellos\"},\"image\":{\"@id\":\"https:\/\/portovasconcellos.com\/#\/schema\/logo\/image\/\"}}]}<\/script>\n<!-- \/ Yoast SEO plugin. -->","yoast_head_json":{"title":"Vasconcellos Vintage 2003 - Porto Vasconcellos","robots":{"index":"index","follow":"follow","max-snippet":"max-snippet:-1","max-image-preview":"max-image-preview:large","max-video-preview":"max-video-preview:-1"},"canonical":"https:\/\/portovasconcellos.com\/product\/vasconcellos-vintage-2003\/","og_locale":"fr_FR","og_type":"article","og_title":"Vasconcellos Vintage 2003 - Porto Vasconcellos","og_description":"Des Portos d&rsquo;exception, produits avec les raisins d&rsquo;une ann\u00e9e exceptionnelle. Le Vintage est un vin naturel dont le vieillissement peut engendrer du d\u00e9p\u00f4t. Ouvrir deux heures avant de servir et \u00e9ventuellement d\u00e9canter. La bouteille doit \u00eatre stock\u00e9e couch\u00e9e, dans une cave fra\u00eeche et s\u00e8che, \u00e0 l&rsquo;abri de la lumi\u00e8re ou de la chaleur.","og_url":"https:\/\/portovasconcellos.com\/product\/vasconcellos-vintage-2003\/","og_site_name":"Porto Vasconcellos","article_modified_time":"2022-05-02T08:58:30+00:00","og_image":[{"width":327,"height":1200,"url":"https:\/\/portovasconcellos.com\/wp-content\/uploads\/2022\/03\/vintage-2003.png","type":"image\/png"}],"twitter_card":"summary_large_image","schema":{"@context":"https:\/\/schema.org","@graph":[{"@type":"WebPage","@id":"https:\/\/portovasconcellos.com\/product\/vasconcellos-vintage-2003\/","url":"https:\/\/portovasconcellos.com\/product\/vasconcellos-vintage-2003\/","name":"Vasconcellos Vintage 2003 - Porto Vasconcellos","isPartOf":{"@id":"https:\/\/portovasconcellos.com\/#website"},"primaryImageOfPage":{"@id":"https:\/\/portovasconcellos.com\/product\/vasconcellos-vintage-2003\/#primaryimage"},"image":{"@id":"https:\/\/portovasconcellos.com\/product\/vasconcellos-vintage-2003\/#primaryimage"},"thumbnailUrl":"https:\/\/portovasconcellos.com\/wp-content\/uploads\/2022\/03\/vintage-2003.png","datePublished":"2022-03-02T13:18:30+00:00","dateModified":"2022-05-02T08:58:30+00:00","breadcrumb":{"@id":"https:\/\/portovasconcellos.com\/product\/vasconcellos-vintage-2003\/#breadcrumb"},"inLanguage":"fr-FR","potentialAction":[{"@type":"ReadAction","target":["https:\/\/portovasconcellos.com\/product\/vasconcellos-vintage-2003\/"]}]},{"@type":"ImageObject","inLanguage":"fr-FR","@id":"https:\/\/portovasconcellos.com\/product\/vasconcellos-vintage-2003\/#primaryimage","url":"https:\/\/portovasconcellos.com\/wp-content\/uploads\/2022\/03\/vintage-2003.png","contentUrl":"https:\/\/portovasconcellos.com\/wp-content\/uploads\/2022\/03\/vintage-2003.png","width":327,"height":1200,"caption":"Vasconcellos Vintage 2003"},{"@type":"BreadcrumbList","@id":"https:\/\/portovasconcellos.com\/product\/vasconcellos-vintage-2003\/#breadcrumb","itemListElement":[{"@type":"ListItem","position":1,"name":"Home","item":"https:\/\/portovasconcellos.com\/fr\/"},{"@type":"ListItem","position":2,"name":"Products","item":"https:\/\/portovasconcellos.com\/shop\/"},{"@type":"ListItem","position":3,"name":"Vasconcellos Vintage 2003"}]},{"@type":"WebSite","@id":"https:\/\/portovasconcellos.com\/#website","url":"https:\/\/portovasconcellos.com\/","name":"Porto Vasconcellos","description":"","publisher":{"@id":"https:\/\/portovasconcellos.com\/#organization"},"potentialAction":[{"@type":"SearchAction","target":{"@type":"EntryPoint","urlTemplate":"https:\/\/portovasconcellos.com\/?s={search_term_string}"},"query-input":"required name=search_term_string"}],"inLanguage":"fr-FR"},{"@type":"Organization","@id":"https:\/\/portovasconcellos.com\/#organization","name":"Porto Vasconcellos","url":"https:\/\/portovasconcellos.com\/","logo":{"@type":"ImageObject","inLanguage":"fr-FR","@id":"https:\/\/portovasconcellos.com\/#\/schema\/logo\/image\/","url":"https:\/\/portovasconcellos.com\/wp-content\/uploads\/2022\/02\/thumb.jpg","contentUrl":"https:\/\/portovasconcellos.com\/wp-content\/uploads\/2022\/02\/thumb.jpg","width":1200,"height":630,"caption":"Porto Vasconcellos"},"image":{"@id":"https:\/\/portovasconcellos.com\/#\/schema\/logo\/image\/"}}]}},"_links":{"self":[{"href":"https:\/\/portovasconcellos.com\/fr\/wp-json\/wp\/v2\/product\/1168"}],"collection":[{"href":"https:\/\/portovasconcellos.com\/fr\/wp-json\/wp\/v2\/product"}],"about":[{"href":"https:\/\/portovasconcellos.com\/fr\/wp-json\/wp\/v2\/types\/product"}],"wp:featuredmedia":[{"embeddable":true,"href":"https:\/\/portovasconcellos.com\/fr\/wp-json\/wp\/v2\/media\/1157"}],"wp:attachment":[{"href":"https:\/\/portovasconcellos.com\/fr\/wp-json\/wp\/v2\/media?parent=1168"}],"wp:term":[{"taxonomy":"product_cat","embeddable":true,"href":"https:\/\/portovasconcellos.com\/fr\/wp-json\/wp\/v2\/product_cat?post=1168"},{"taxonomy":"product_tag","embeddable":true,"href":"https:\/\/portovasconcellos.com\/fr\/wp-json\/wp\/v2\/product_tag?post=1168"}],"curies":[{"name":"wp","href":"https:\/\/api.w.org\/{rel}","templated":true}]}}